{"id":2610,"date":"2021-03-18T07:56:47","date_gmt":"2021-03-18T06:56:47","guid":{"rendered":"https:\/\/www.lobsters.at\/?page_id=2610"},"modified":"2022-11-11T13:23:59","modified_gmt":"2022-11-11T12:23:59","slug":"impressum","status":"publish","type":"page","link":"https:\/\/www.lobsters.at\/sk\/impressum\/","title":{"rendered":"Impresium"},"content":{"rendered":"<p>LOBSTERS GmbH<br \/>\nFischbachstra\u00dfe 39<br \/>\n5020 Salzburg<br \/>\nAUSTRIA<\/p>\n<p><a class=\"emailLink\" href=\"mailto:juhu@lobsters.at\">juhu@lobsters.at<\/a><br \/>\nTel: +43 664 102 22 53<\/p>\n<p>UID-Nr. ATU 68871768<br \/>\nFN 420391 y. LG Salzburg<\/p>\n<h3>OBMEDZENIE ZODPOVEDNOSTI<\/h3>\n<p>Nepreber\u00e1me \u017eiadnu zodpovednos\u0165 za \u00faplnos\u0165, spr\u00e1vnos\u0165 a\u00a0aktu\u00e1lnos\u0165 domovskej str\u00e1nky a\u00a0webovej lokality, omyly s\u00fa vyhraden\u00e9. Ak\u00e9ko\u013evek ponuky v\u00a0datab\u00e1ze s\u00fa nez\u00e1v\u00e4zn\u00e9 a\u00a0s\u00a0v\u00fdhradou \u010fal\u0161ieho predaja a\u00a0pren\u00e1jmu. Pou\u017e\u00edvate\u013e uzn\u00e1va pou\u017e\u00edvanie webstr\u00e1nky na vlastn\u00e9 riziko, tak\u017ee nikto, kto sa z\u00fa\u010dastnil vytv\u00e1rania inform\u00e1ci\u00ed, neru\u010d\u00ed priamo alebo nepriamo za (n\u00e1sledn\u00e9) \u0161kody resp. toto ru\u010denie je obmedzen\u00e9 na maxim\u00e1lnu mieru stanoven\u00fa z\u00e1konom.<\/p>\n<h3>GOOGLE ANALYTICS<\/h3>\n<p>Vyhl\u00e1senie o\u00a0ochrane \u00fadajov a\u00a0podmienky pou\u017e\u00edvania na adrese: <a href=\"https:\/\/policies.google.com\/privacy?hl=sk\" target=\"_blank\" rel=\"noopener noreferrer\">http:\/\/www.google.de\/policies\/privacy\/<\/a><\/p>\n<div class=\"clear\">\n<h3>VYHL\u00c1SENIE O\u00a0OCHRANE \u00daDAJOV<\/h3>\n<p>V\u0161etky relevantn\u00e9 inform\u00e1cie o\u00a0vyhl\u00e1sen\u00ed o\u00a0ochrane \u00fadajov n\u00e1jdete <a href=\"https:\/\/www.lobsters.at\/datenschutzerklaerung\/\">tu<\/a>.<\/p>\n<\/div>\n","protected":false},"excerpt":{"rendered":"<p>LOBSTERS GmbH Fischbachstra\u00dfe 39 5020 Salzburg AUSTRIA juhu@lobsters.at Tel: +43&hellip; <a href=\"https:\/\/www.lobsters.at\/sk\/impressum\/\" class=\"more-link\">Continue Reading<\/a><\/p>\n","protected":false},"author":3,"featured_media":0,"parent":0,"menu_order":1,"comment_status":"open","ping_status":"open","template":"","meta":{"_acf_changed":false,"footnotes":""},"class_list":["post-2610","page","type-page","status-publish","hentry","no-thumbnail"],"acf":[],"yoast_head":"<!-- This site is optimized with the Yoast SEO plugin v27.5 - https:\/\/yoast.com\/product\/yoast-seo-wordpress\/ -->\n<title>Impresium - LOBSTERS<\/title>\n<meta name=\"robots\" content=\"index, follow, max-snippet:-1, max-image-preview:large, max-video-preview:-1\" \/>\n<link rel=\"canonical\" href=\"https:\/\/www.lobsters.at\/sk\/impressum\/\" \/>\n<meta property=\"og:locale\" content=\"sk_SK\" \/>\n<meta property=\"og:type\" content=\"article\" \/>\n<meta property=\"og:title\" content=\"Impresium - LOBSTERS\" \/>\n<meta property=\"og:description\" content=\"LOBSTERS GmbH Fischbachstra\u00dfe 39 5020 Salzburg AUSTRIA juhu@lobsters.at Tel: +43&hellip; Continue Reading\" \/>\n<meta property=\"og:url\" content=\"https:\/\/www.lobsters.at\/sk\/impressum\/\" \/>\n<meta property=\"og:site_name\" content=\"LOBSTERS\" \/>\n<meta property=\"article:modified_time\" content=\"2022-11-11T12:23:59+00:00\" \/>\n<meta name=\"twitter:card\" content=\"summary_large_image\" \/>\n<meta name=\"twitter:label1\" content=\"Predpokladan\u00fd \u010das \u010d\u00edtania\" \/>\n\t<meta name=\"twitter:data1\" content=\"1 min\u00fata\" \/>\n<script type=\"application\/ld+json\" class=\"yoast-schema-graph\">{\"@context\":\"https:\\\/\\\/schema.org\",\"@graph\":[{\"@type\":\"WebPage\",\"@id\":\"https:\\\/\\\/www.lobsters.at\\\/sk\\\/impressum\\\/\",\"url\":\"https:\\\/\\\/www.lobsters.at\\\/sk\\\/impressum\\\/\",\"name\":\"Impresium - LOBSTERS\",\"isPartOf\":{\"@id\":\"https:\\\/\\\/www.lobsters.at\\\/#website\"},\"datePublished\":\"2021-03-18T06:56:47+00:00\",\"dateModified\":\"2022-11-11T12:23:59+00:00\",\"breadcrumb\":{\"@id\":\"https:\\\/\\\/www.lobsters.at\\\/sk\\\/impressum\\\/#breadcrumb\"},\"inLanguage\":\"sk-SK\",\"potentialAction\":[{\"@type\":\"ReadAction\",\"target\":[\"https:\\\/\\\/www.lobsters.at\\\/sk\\\/impressum\\\/\"]}]},{\"@type\":\"BreadcrumbList\",\"@id\":\"https:\\\/\\\/www.lobsters.at\\\/sk\\\/impressum\\\/#breadcrumb\",\"itemListElement\":[{\"@type\":\"ListItem\",\"position\":1,\"name\":\"Startseite\",\"item\":\"https:\\\/\\\/www.lobsters.at\\\/\"},{\"@type\":\"ListItem\",\"position\":2,\"name\":\"Impresium\"}]},{\"@type\":\"WebSite\",\"@id\":\"https:\\\/\\\/www.lobsters.at\\\/#website\",\"url\":\"https:\\\/\\\/www.lobsters.at\\\/\",\"name\":\"LOBSTERS\",\"description\":\"THE NEW GENERATION OF TASTE\",\"potentialAction\":[{\"@type\":\"SearchAction\",\"target\":{\"@type\":\"EntryPoint\",\"urlTemplate\":\"https:\\\/\\\/www.lobsters.at\\\/?s={search_term_string}\"},\"query-input\":{\"@type\":\"PropertyValueSpecification\",\"valueRequired\":true,\"valueName\":\"search_term_string\"}}],\"inLanguage\":\"sk-SK\"}]}<\/script>\n<!-- \/ Yoast SEO plugin. -->","yoast_head_json":{"title":"Impresium - LOBSTERS","robots":{"index":"index","follow":"follow","max-snippet":"max-snippet:-1","max-image-preview":"max-image-preview:large","max-video-preview":"max-video-preview:-1"},"canonical":"https:\/\/www.lobsters.at\/sk\/impressum\/","og_locale":"sk_SK","og_type":"article","og_title":"Impresium - LOBSTERS","og_description":"LOBSTERS GmbH Fischbachstra\u00dfe 39 5020 Salzburg AUSTRIA juhu@lobsters.at Tel: +43&hellip; Continue Reading","og_url":"https:\/\/www.lobsters.at\/sk\/impressum\/","og_site_name":"LOBSTERS","article_modified_time":"2022-11-11T12:23:59+00:00","twitter_card":"summary_large_image","twitter_misc":{"Predpokladan\u00fd \u010das \u010d\u00edtania":"1 min\u00fata"},"schema":{"@context":"https:\/\/schema.org","@graph":[{"@type":"WebPage","@id":"https:\/\/www.lobsters.at\/sk\/impressum\/","url":"https:\/\/www.lobsters.at\/sk\/impressum\/","name":"Impresium - LOBSTERS","isPartOf":{"@id":"https:\/\/www.lobsters.at\/#website"},"datePublished":"2021-03-18T06:56:47+00:00","dateModified":"2022-11-11T12:23:59+00:00","breadcrumb":{"@id":"https:\/\/www.lobsters.at\/sk\/impressum\/#breadcrumb"},"inLanguage":"sk-SK","potentialAction":[{"@type":"ReadAction","target":["https:\/\/www.lobsters.at\/sk\/impressum\/"]}]},{"@type":"BreadcrumbList","@id":"https:\/\/www.lobsters.at\/sk\/impressum\/#breadcrumb","itemListElement":[{"@type":"ListItem","position":1,"name":"Startseite","item":"https:\/\/www.lobsters.at\/"},{"@type":"ListItem","position":2,"name":"Impresium"}]},{"@type":"WebSite","@id":"https:\/\/www.lobsters.at\/#website","url":"https:\/\/www.lobsters.at\/","name":"LOBSTERS","description":"THE NEW GENERATION OF TASTE","potentialAction":[{"@type":"SearchAction","target":{"@type":"EntryPoint","urlTemplate":"https:\/\/www.lobsters.at\/?s={search_term_string}"},"query-input":{"@type":"PropertyValueSpecification","valueRequired":true,"valueName":"search_term_string"}}],"inLanguage":"sk-SK"}]}},"_links":{"self":[{"href":"https:\/\/www.lobsters.at\/sk\/wp-json\/wp\/v2\/pages\/2610","targetHints":{"allow":["GET"]}}],"collection":[{"href":"https:\/\/www.lobsters.at\/sk\/wp-json\/wp\/v2\/pages"}],"about":[{"href":"https:\/\/www.lobsters.at\/sk\/wp-json\/wp\/v2\/types\/page"}],"author":[{"embeddable":true,"href":"https:\/\/www.lobsters.at\/sk\/wp-json\/wp\/v2\/users\/3"}],"replies":[{"embeddable":true,"href":"https:\/\/www.lobsters.at\/sk\/wp-json\/wp\/v2\/comments?post=2610"}],"version-history":[{"count":4,"href":"https:\/\/www.lobsters.at\/sk\/wp-json\/wp\/v2\/pages\/2610\/revisions"}],"predecessor-version":[{"id":4297,"href":"https:\/\/www.lobsters.at\/sk\/wp-json\/wp\/v2\/pages\/2610\/revisions\/4297"}],"wp:attachment":[{"href":"https:\/\/www.lobsters.at\/sk\/wp-json\/wp\/v2\/media?parent=2610"}],"curies":[{"name":"wp","href":"https:\/\/api.w.org\/{rel}","templated":true}]}}