{"id":2599,"date":"2021-03-17T18:17:28","date_gmt":"2021-03-17T17:17:28","guid":{"rendered":"https:\/\/www.lobsters.at\/?page_id=2599"},"modified":"2021-03-20T18:28:51","modified_gmt":"2021-03-20T17:28:51","slug":"kde-ich-kupim","status":"publish","type":"page","link":"https:\/\/www.lobsters.at\/sk\/kde-ich-kupim\/","title":{"rendered":"KDE ICH K\u00daPIM"},"content":{"rendered":"<p>Pozn\u00e1te ten pocit, ke\u010f nie\u010do ve\u013emi chcete, ale nem\u00e1te tu\u0161enie, kde to zo\u017eeniete? S\u00a0n\u00e1pojmi LOBSTERS sa v\u00e1m to na\u0161\u0165astie nem\u00f4\u017ee sta\u0165. Na\u0161e <a href=\"https:\/\/www.lobsters.at\/sk\/styri-napoje-lobsters\/\">\u0161tyri prirodzen\u00e9 talenty s\u00a0ni\u017e\u0161\u00edm obsahom cukru<\/a> toti\u017e dostanete v mnoh\u00fdch supermarketoch a obchodoch v Rak\u00fasku, Nemecku, Slovenska alebo Holandsku pr\u00edpadne aj online. Konkr\u00e9tne tu:<\/p>\n\n\n<p><\/p>\n","protected":false},"excerpt":{"rendered":"<p>Pozn\u00e1te ten pocit, ke\u010f nie\u010do ve\u013emi chcete, ale nem\u00e1te tu\u0161enie,&hellip; <a href=\"https:\/\/www.lobsters.at\/sk\/kde-ich-kupim\/\" class=\"more-link\">Continue Reading<\/a><\/p>\n","protected":false},"author":3,"featured_media":4668,"parent":0,"menu_order":0,"comment_status":"closed","ping_status":"open","template":"templates\/bezugsquelle.php","meta":{"_acf_changed":false,"footnotes":""},"class_list":["post-2599","page","type-page","status-publish","has-post-thumbnail","hentry","has-thumbnail"],"acf":[],"yoast_head":"<!-- This site is optimized with the Yoast SEO plugin v27.4 - https:\/\/yoast.com\/product\/yoast-seo-wordpress\/ -->\n<title>KDE ICH K\u00daPIM - LOBSTERS<\/title>\n<meta name=\"robots\" content=\"index, follow, max-snippet:-1, max-image-preview:large, max-video-preview:-1\" \/>\n<link rel=\"canonical\" href=\"https:\/\/www.lobsters.at\/sk\/kde-ich-kupim\/\" \/>\n<meta property=\"og:locale\" content=\"sk_SK\" \/>\n<meta property=\"og:type\" content=\"article\" \/>\n<meta property=\"og:title\" content=\"KDE ICH K\u00daPIM - LOBSTERS\" \/>\n<meta property=\"og:description\" content=\"Pozn\u00e1te ten pocit, ke\u010f nie\u010do ve\u013emi chcete, ale nem\u00e1te tu\u0161enie,&hellip; Continue Reading\" \/>\n<meta property=\"og:url\" content=\"https:\/\/www.lobsters.at\/sk\/kde-ich-kupim\/\" \/>\n<meta property=\"og:site_name\" content=\"LOBSTERS\" \/>\n<meta property=\"article:modified_time\" content=\"2021-03-20T17:28:51+00:00\" \/>\n<meta property=\"og:image\" content=\"https:\/\/www.lobsters.at\/wp-content\/uploads\/2016\/06\/Kartons.jpg\" \/>\n\t<meta property=\"og:image:width\" content=\"1141\" \/>\n\t<meta property=\"og:image:height\" content=\"402\" \/>\n\t<meta property=\"og:image:type\" content=\"image\/jpeg\" \/>\n<meta name=\"twitter:card\" content=\"summary_large_image\" \/>\n<meta name=\"twitter:label1\" content=\"Predpokladan\u00fd \u010das \u010d\u00edtania\" \/>\n\t<meta name=\"twitter:data1\" content=\"1 min\u00fata\" \/>\n<script type=\"application\/ld+json\" class=\"yoast-schema-graph\">{\"@context\":\"https:\\\/\\\/schema.org\",\"@graph\":[{\"@type\":\"WebPage\",\"@id\":\"https:\\\/\\\/www.lobsters.at\\\/sk\\\/kde-ich-kupim\\\/\",\"url\":\"https:\\\/\\\/www.lobsters.at\\\/sk\\\/kde-ich-kupim\\\/\",\"name\":\"KDE ICH K\u00daPIM - LOBSTERS\",\"isPartOf\":{\"@id\":\"https:\\\/\\\/www.lobsters.at\\\/#website\"},\"primaryImageOfPage\":{\"@id\":\"https:\\\/\\\/www.lobsters.at\\\/sk\\\/kde-ich-kupim\\\/#primaryimage\"},\"image\":{\"@id\":\"https:\\\/\\\/www.lobsters.at\\\/sk\\\/kde-ich-kupim\\\/#primaryimage\"},\"thumbnailUrl\":\"https:\\\/\\\/www.lobsters.at\\\/wp-content\\\/uploads\\\/2025\\\/04\\\/LOBSTERS_Kartons_NEU.png\",\"datePublished\":\"2021-03-17T17:17:28+00:00\",\"dateModified\":\"2021-03-20T17:28:51+00:00\",\"breadcrumb\":{\"@id\":\"https:\\\/\\\/www.lobsters.at\\\/sk\\\/kde-ich-kupim\\\/#breadcrumb\"},\"inLanguage\":\"sk-SK\",\"potentialAction\":[{\"@type\":\"ReadAction\",\"target\":[\"https:\\\/\\\/www.lobsters.at\\\/sk\\\/kde-ich-kupim\\\/\"]}]},{\"@type\":\"ImageObject\",\"inLanguage\":\"sk-SK\",\"@id\":\"https:\\\/\\\/www.lobsters.at\\\/sk\\\/kde-ich-kupim\\\/#primaryimage\",\"url\":\"https:\\\/\\\/www.lobsters.at\\\/wp-content\\\/uploads\\\/2025\\\/04\\\/LOBSTERS_Kartons_NEU.png\",\"contentUrl\":\"https:\\\/\\\/www.lobsters.at\\\/wp-content\\\/uploads\\\/2025\\\/04\\\/LOBSTERS_Kartons_NEU.png\",\"width\":1141,\"height\":402},{\"@type\":\"BreadcrumbList\",\"@id\":\"https:\\\/\\\/www.lobsters.at\\\/sk\\\/kde-ich-kupim\\\/#breadcrumb\",\"itemListElement\":[{\"@type\":\"ListItem\",\"position\":1,\"name\":\"Startseite\",\"item\":\"https:\\\/\\\/www.lobsters.at\\\/\"},{\"@type\":\"ListItem\",\"position\":2,\"name\":\"KDE ICH K\u00daPIM\"}]},{\"@type\":\"WebSite\",\"@id\":\"https:\\\/\\\/www.lobsters.at\\\/#website\",\"url\":\"https:\\\/\\\/www.lobsters.at\\\/\",\"name\":\"LOBSTERS\",\"description\":\"THE NEW GENERATION OF TASTE\",\"potentialAction\":[{\"@type\":\"SearchAction\",\"target\":{\"@type\":\"EntryPoint\",\"urlTemplate\":\"https:\\\/\\\/www.lobsters.at\\\/?s={search_term_string}\"},\"query-input\":{\"@type\":\"PropertyValueSpecification\",\"valueRequired\":true,\"valueName\":\"search_term_string\"}}],\"inLanguage\":\"sk-SK\"}]}<\/script>\n<!-- \/ Yoast SEO plugin. -->","yoast_head_json":{"title":"KDE ICH K\u00daPIM - LOBSTERS","robots":{"index":"index","follow":"follow","max-snippet":"max-snippet:-1","max-image-preview":"max-image-preview:large","max-video-preview":"max-video-preview:-1"},"canonical":"https:\/\/www.lobsters.at\/sk\/kde-ich-kupim\/","og_locale":"sk_SK","og_type":"article","og_title":"KDE ICH K\u00daPIM - LOBSTERS","og_description":"Pozn\u00e1te ten pocit, ke\u010f nie\u010do ve\u013emi chcete, ale nem\u00e1te tu\u0161enie,&hellip; Continue Reading","og_url":"https:\/\/www.lobsters.at\/sk\/kde-ich-kupim\/","og_site_name":"LOBSTERS","article_modified_time":"2021-03-20T17:28:51+00:00","og_image":[{"width":1141,"height":402,"url":"https:\/\/www.lobsters.at\/wp-content\/uploads\/2016\/06\/Kartons.jpg","type":"image\/jpeg"}],"twitter_card":"summary_large_image","twitter_misc":{"Predpokladan\u00fd \u010das \u010d\u00edtania":"1 min\u00fata"},"schema":{"@context":"https:\/\/schema.org","@graph":[{"@type":"WebPage","@id":"https:\/\/www.lobsters.at\/sk\/kde-ich-kupim\/","url":"https:\/\/www.lobsters.at\/sk\/kde-ich-kupim\/","name":"KDE ICH K\u00daPIM - LOBSTERS","isPartOf":{"@id":"https:\/\/www.lobsters.at\/#website"},"primaryImageOfPage":{"@id":"https:\/\/www.lobsters.at\/sk\/kde-ich-kupim\/#primaryimage"},"image":{"@id":"https:\/\/www.lobsters.at\/sk\/kde-ich-kupim\/#primaryimage"},"thumbnailUrl":"https:\/\/www.lobsters.at\/wp-content\/uploads\/2025\/04\/LOBSTERS_Kartons_NEU.png","datePublished":"2021-03-17T17:17:28+00:00","dateModified":"2021-03-20T17:28:51+00:00","breadcrumb":{"@id":"https:\/\/www.lobsters.at\/sk\/kde-ich-kupim\/#breadcrumb"},"inLanguage":"sk-SK","potentialAction":[{"@type":"ReadAction","target":["https:\/\/www.lobsters.at\/sk\/kde-ich-kupim\/"]}]},{"@type":"ImageObject","inLanguage":"sk-SK","@id":"https:\/\/www.lobsters.at\/sk\/kde-ich-kupim\/#primaryimage","url":"https:\/\/www.lobsters.at\/wp-content\/uploads\/2025\/04\/LOBSTERS_Kartons_NEU.png","contentUrl":"https:\/\/www.lobsters.at\/wp-content\/uploads\/2025\/04\/LOBSTERS_Kartons_NEU.png","width":1141,"height":402},{"@type":"BreadcrumbList","@id":"https:\/\/www.lobsters.at\/sk\/kde-ich-kupim\/#breadcrumb","itemListElement":[{"@type":"ListItem","position":1,"name":"Startseite","item":"https:\/\/www.lobsters.at\/"},{"@type":"ListItem","position":2,"name":"KDE ICH K\u00daPIM"}]},{"@type":"WebSite","@id":"https:\/\/www.lobsters.at\/#website","url":"https:\/\/www.lobsters.at\/","name":"LOBSTERS","description":"THE NEW GENERATION OF TASTE","potentialAction":[{"@type":"SearchAction","target":{"@type":"EntryPoint","urlTemplate":"https:\/\/www.lobsters.at\/?s={search_term_string}"},"query-input":{"@type":"PropertyValueSpecification","valueRequired":true,"valueName":"search_term_string"}}],"inLanguage":"sk-SK"}]}},"_links":{"self":[{"href":"https:\/\/www.lobsters.at\/sk\/wp-json\/wp\/v2\/pages\/2599","targetHints":{"allow":["GET"]}}],"collection":[{"href":"https:\/\/www.lobsters.at\/sk\/wp-json\/wp\/v2\/pages"}],"about":[{"href":"https:\/\/www.lobsters.at\/sk\/wp-json\/wp\/v2\/types\/page"}],"author":[{"embeddable":true,"href":"https:\/\/www.lobsters.at\/sk\/wp-json\/wp\/v2\/users\/3"}],"replies":[{"embeddable":true,"href":"https:\/\/www.lobsters.at\/sk\/wp-json\/wp\/v2\/comments?post=2599"}],"version-history":[{"count":2,"href":"https:\/\/www.lobsters.at\/sk\/wp-json\/wp\/v2\/pages\/2599\/revisions"}],"predecessor-version":[{"id":2889,"href":"https:\/\/www.lobsters.at\/sk\/wp-json\/wp\/v2\/pages\/2599\/revisions\/2889"}],"wp:featuredmedia":[{"embeddable":true,"href":"https:\/\/www.lobsters.at\/sk\/wp-json\/wp\/v2\/media\/4668"}],"wp:attachment":[{"href":"https:\/\/www.lobsters.at\/sk\/wp-json\/wp\/v2\/media?parent=2599"}],"curies":[{"name":"wp","href":"https:\/\/api.w.org\/{rel}","templated":true}]}}