{"id":2590,"date":"2021-03-17T17:55:10","date_gmt":"2021-03-17T16:55:10","guid":{"rendered":"https:\/\/www.lobsters.at\/?page_id=2590"},"modified":"2021-03-25T13:43:36","modified_gmt":"2021-03-25T12:43:36","slug":"co-obsahuju-napoje-lobsters","status":"publish","type":"page","link":"https:\/\/www.lobsters.at\/sk\/co-obsahuju-napoje-lobsters\/","title":{"rendered":"\u010cO OBSAHUJ\u00da N\u00c1POJE LOBSTERS"},"content":{"rendered":"<p><strong>Na\u0161e \u0161tyri prirodzen\u00e9 talenty.<\/strong><br \/>\nN\u00e1poje Lobsters s\u00fa zo 100 % pr\u00edrodn\u00fdch ingredienci\u00ed. Obsahuj\u00fa rak\u00fasku pramenit\u00fa vodu a\u00a0ove\u013ea menej cukru ako porovnate\u013en\u00e9 produkty. Ako doplnky (filler) v\u00a0mie\u0161an\u00fdch drinkoch tak prenech\u00e1vaj\u00fa viac priestoru pre charakter liehoviny a\u00a0zjem\u0148uj\u00fa ich vlastnosti. Ako hork\u00fa l\u00e1tku pou\u017e\u00edvame chin\u00edn, ktor\u00fd sa z\u00edskava z\u00a0k\u00f4ry chin\u00ednovn\u00edka. Pr\u00edsady ako citr\u00f3nov\u00e1 \u0161\u0165ava, limetkov\u00e1 \u0161\u0165ava, jablkov\u00e1 \u0161\u0165ava, <a href=\"https:\/\/www.lobsters.at\/sk\/striebriste-semena-a-strom-lasky\/\">ginkgo<\/a> a <a href=\"https:\/\/www.lobsters.at\/sk\/matovy-veniec-sex-a-chlast\/\">m\u00e4ta <\/a>s\u00fa tie\u017e \u00faplne pr\u00edrodn\u00e9. Ke\u010f u\u017e, tak u\u017e! Ako sme u\u017e raz povedali: nerob\u00edme ni\u010d iba napoly. N\u00e1poje Lobsters neobsahuj\u00fa v\u00f4bec \u017eiadne umel\u00e9 pr\u00edsady (napodobeniny z laborat\u00f3ria). To je rozdiel, ktor\u00fd c\u00edtite. A preto sa sna\u017e\u00edme.<\/p>\n<p><strong>Menej cukru.<br \/>\n<\/strong>Potravinov\u00fd priemysel prid\u00e1va v\u0161ade ve\u013ea <a href=\"https:\/\/www.lobsters.at\/sk\/zivot-nie-je-med-lizat\/\">cukru<\/a>, aby konzumentovi chutilo. Ale to je predsa nezmysel! Ke\u010f v\u00fdrobok obsahuje ve\u013ea cukru, jeho sladkos\u0165 vlastne prebije samotn\u00fa chu\u0165 produktu. My to tak robi\u0165 nechceme a\u00a0obsah cukru sme zredukovali.<strong><br \/>\n<\/strong>Pod\u013ea motta: <strong>Menej cukru \u2013 viacej chuti!<\/strong><\/p>\n<p><a href=\"https:\/\/www.lobsters.at\/wp-content\/uploads\/2014\/11\/Headerbild400_9.jpg\"><img loading=\"lazy\" decoding=\"async\" class=\"aligncenter wp-image-183 size-full\" src=\"https:\/\/www.lobsters.at\/wp-content\/uploads\/2014\/11\/Headerbild400_9.jpg\" alt=\"Headerbild400_9\" width=\"1024\" height=\"400\" srcset=\"https:\/\/www.lobsters.at\/wp-content\/uploads\/2014\/11\/Headerbild400_9.jpg 1024w, https:\/\/www.lobsters.at\/wp-content\/uploads\/2014\/11\/Headerbild400_9-300x117.jpg 300w\" sizes=\"auto, (max-width: 1024px) 100vw, 1024px\" \/><\/a><\/p>\n","protected":false},"excerpt":{"rendered":"<p>Na\u0161e \u0161tyri prirodzen\u00e9 talenty. N\u00e1poje Lobsters s\u00fa zo 100 %&hellip; <a href=\"https:\/\/www.lobsters.at\/sk\/co-obsahuju-napoje-lobsters\/\" class=\"more-link\">Continue Reading<\/a><\/p>\n","protected":false},"author":3,"featured_media":2009,"parent":0,"menu_order":0,"comment_status":"closed","ping_status":"closed","template":"","meta":{"_acf_changed":false,"footnotes":""},"class_list":["post-2590","page","type-page","status-publish","has-post-thumbnail","hentry","has-thumbnail"],"acf":[],"yoast_head":"<!-- This site is optimized with the Yoast SEO plugin v27.5 - https:\/\/yoast.com\/product\/yoast-seo-wordpress\/ -->\n<title>\u010cO OBSAHUJ\u00da N\u00c1POJE LOBSTERS - LOBSTERS<\/title>\n<meta name=\"robots\" content=\"index, follow, max-snippet:-1, max-image-preview:large, max-video-preview:-1\" \/>\n<link rel=\"canonical\" href=\"https:\/\/www.lobsters.at\/sk\/co-obsahuju-napoje-lobsters\/\" \/>\n<meta property=\"og:locale\" content=\"sk_SK\" \/>\n<meta property=\"og:type\" content=\"article\" \/>\n<meta property=\"og:title\" content=\"\u010cO OBSAHUJ\u00da N\u00c1POJE LOBSTERS - LOBSTERS\" \/>\n<meta property=\"og:description\" content=\"Na\u0161e \u0161tyri prirodzen\u00e9 talenty. N\u00e1poje Lobsters s\u00fa zo 100 %&hellip; Continue Reading\" \/>\n<meta property=\"og:url\" content=\"https:\/\/www.lobsters.at\/sk\/co-obsahuju-napoje-lobsters\/\" \/>\n<meta property=\"og:site_name\" content=\"LOBSTERS\" \/>\n<meta property=\"article:modified_time\" content=\"2021-03-25T12:43:36+00:00\" \/>\n<meta property=\"og:image\" content=\"https:\/\/www.lobsters.at\/wp-content\/uploads\/2014\/11\/Headerbild400_5.jpg\" \/>\n\t<meta property=\"og:image:width\" content=\"1024\" \/>\n\t<meta property=\"og:image:height\" content=\"400\" \/>\n\t<meta property=\"og:image:type\" content=\"image\/jpeg\" \/>\n<meta name=\"twitter:card\" content=\"summary_large_image\" \/>\n<meta name=\"twitter:label1\" content=\"Predpokladan\u00fd \u010das \u010d\u00edtania\" \/>\n\t<meta name=\"twitter:data1\" content=\"1 min\u00fata\" \/>\n<script type=\"application\/ld+json\" class=\"yoast-schema-graph\">{\"@context\":\"https:\\\/\\\/schema.org\",\"@graph\":[{\"@type\":\"WebPage\",\"@id\":\"https:\\\/\\\/www.lobsters.at\\\/sk\\\/co-obsahuju-napoje-lobsters\\\/\",\"url\":\"https:\\\/\\\/www.lobsters.at\\\/sk\\\/co-obsahuju-napoje-lobsters\\\/\",\"name\":\"\u010cO OBSAHUJ\u00da N\u00c1POJE LOBSTERS - LOBSTERS\",\"isPartOf\":{\"@id\":\"https:\\\/\\\/www.lobsters.at\\\/#website\"},\"primaryImageOfPage\":{\"@id\":\"https:\\\/\\\/www.lobsters.at\\\/sk\\\/co-obsahuju-napoje-lobsters\\\/#primaryimage\"},\"image\":{\"@id\":\"https:\\\/\\\/www.lobsters.at\\\/sk\\\/co-obsahuju-napoje-lobsters\\\/#primaryimage\"},\"thumbnailUrl\":\"https:\\\/\\\/www.lobsters.at\\\/wp-content\\\/uploads\\\/2014\\\/11\\\/Headerbild400_5.jpg\",\"datePublished\":\"2021-03-17T16:55:10+00:00\",\"dateModified\":\"2021-03-25T12:43:36+00:00\",\"breadcrumb\":{\"@id\":\"https:\\\/\\\/www.lobsters.at\\\/sk\\\/co-obsahuju-napoje-lobsters\\\/#breadcrumb\"},\"inLanguage\":\"sk-SK\",\"potentialAction\":[{\"@type\":\"ReadAction\",\"target\":[\"https:\\\/\\\/www.lobsters.at\\\/sk\\\/co-obsahuju-napoje-lobsters\\\/\"]}]},{\"@type\":\"ImageObject\",\"inLanguage\":\"sk-SK\",\"@id\":\"https:\\\/\\\/www.lobsters.at\\\/sk\\\/co-obsahuju-napoje-lobsters\\\/#primaryimage\",\"url\":\"https:\\\/\\\/www.lobsters.at\\\/wp-content\\\/uploads\\\/2014\\\/11\\\/Headerbild400_5.jpg\",\"contentUrl\":\"https:\\\/\\\/www.lobsters.at\\\/wp-content\\\/uploads\\\/2014\\\/11\\\/Headerbild400_5.jpg\",\"width\":1024,\"height\":400},{\"@type\":\"BreadcrumbList\",\"@id\":\"https:\\\/\\\/www.lobsters.at\\\/sk\\\/co-obsahuju-napoje-lobsters\\\/#breadcrumb\",\"itemListElement\":[{\"@type\":\"ListItem\",\"position\":1,\"name\":\"Startseite\",\"item\":\"https:\\\/\\\/www.lobsters.at\\\/\"},{\"@type\":\"ListItem\",\"position\":2,\"name\":\"\u010cO OBSAHUJ\u00da N\u00c1POJE LOBSTERS\"}]},{\"@type\":\"WebSite\",\"@id\":\"https:\\\/\\\/www.lobsters.at\\\/#website\",\"url\":\"https:\\\/\\\/www.lobsters.at\\\/\",\"name\":\"LOBSTERS\",\"description\":\"THE NEW GENERATION OF TASTE\",\"potentialAction\":[{\"@type\":\"SearchAction\",\"target\":{\"@type\":\"EntryPoint\",\"urlTemplate\":\"https:\\\/\\\/www.lobsters.at\\\/?s={search_term_string}\"},\"query-input\":{\"@type\":\"PropertyValueSpecification\",\"valueRequired\":true,\"valueName\":\"search_term_string\"}}],\"inLanguage\":\"sk-SK\"}]}<\/script>\n<!-- \/ Yoast SEO plugin. -->","yoast_head_json":{"title":"\u010cO OBSAHUJ\u00da N\u00c1POJE LOBSTERS - LOBSTERS","robots":{"index":"index","follow":"follow","max-snippet":"max-snippet:-1","max-image-preview":"max-image-preview:large","max-video-preview":"max-video-preview:-1"},"canonical":"https:\/\/www.lobsters.at\/sk\/co-obsahuju-napoje-lobsters\/","og_locale":"sk_SK","og_type":"article","og_title":"\u010cO OBSAHUJ\u00da N\u00c1POJE LOBSTERS - LOBSTERS","og_description":"Na\u0161e \u0161tyri prirodzen\u00e9 talenty. N\u00e1poje Lobsters s\u00fa zo 100 %&hellip; Continue Reading","og_url":"https:\/\/www.lobsters.at\/sk\/co-obsahuju-napoje-lobsters\/","og_site_name":"LOBSTERS","article_modified_time":"2021-03-25T12:43:36+00:00","og_image":[{"width":1024,"height":400,"url":"https:\/\/www.lobsters.at\/wp-content\/uploads\/2014\/11\/Headerbild400_5.jpg","type":"image\/jpeg"}],"twitter_card":"summary_large_image","twitter_misc":{"Predpokladan\u00fd \u010das \u010d\u00edtania":"1 min\u00fata"},"schema":{"@context":"https:\/\/schema.org","@graph":[{"@type":"WebPage","@id":"https:\/\/www.lobsters.at\/sk\/co-obsahuju-napoje-lobsters\/","url":"https:\/\/www.lobsters.at\/sk\/co-obsahuju-napoje-lobsters\/","name":"\u010cO OBSAHUJ\u00da N\u00c1POJE LOBSTERS - LOBSTERS","isPartOf":{"@id":"https:\/\/www.lobsters.at\/#website"},"primaryImageOfPage":{"@id":"https:\/\/www.lobsters.at\/sk\/co-obsahuju-napoje-lobsters\/#primaryimage"},"image":{"@id":"https:\/\/www.lobsters.at\/sk\/co-obsahuju-napoje-lobsters\/#primaryimage"},"thumbnailUrl":"https:\/\/www.lobsters.at\/wp-content\/uploads\/2014\/11\/Headerbild400_5.jpg","datePublished":"2021-03-17T16:55:10+00:00","dateModified":"2021-03-25T12:43:36+00:00","breadcrumb":{"@id":"https:\/\/www.lobsters.at\/sk\/co-obsahuju-napoje-lobsters\/#breadcrumb"},"inLanguage":"sk-SK","potentialAction":[{"@type":"ReadAction","target":["https:\/\/www.lobsters.at\/sk\/co-obsahuju-napoje-lobsters\/"]}]},{"@type":"ImageObject","inLanguage":"sk-SK","@id":"https:\/\/www.lobsters.at\/sk\/co-obsahuju-napoje-lobsters\/#primaryimage","url":"https:\/\/www.lobsters.at\/wp-content\/uploads\/2014\/11\/Headerbild400_5.jpg","contentUrl":"https:\/\/www.lobsters.at\/wp-content\/uploads\/2014\/11\/Headerbild400_5.jpg","width":1024,"height":400},{"@type":"BreadcrumbList","@id":"https:\/\/www.lobsters.at\/sk\/co-obsahuju-napoje-lobsters\/#breadcrumb","itemListElement":[{"@type":"ListItem","position":1,"name":"Startseite","item":"https:\/\/www.lobsters.at\/"},{"@type":"ListItem","position":2,"name":"\u010cO OBSAHUJ\u00da N\u00c1POJE LOBSTERS"}]},{"@type":"WebSite","@id":"https:\/\/www.lobsters.at\/#website","url":"https:\/\/www.lobsters.at\/","name":"LOBSTERS","description":"THE NEW GENERATION OF TASTE","potentialAction":[{"@type":"SearchAction","target":{"@type":"EntryPoint","urlTemplate":"https:\/\/www.lobsters.at\/?s={search_term_string}"},"query-input":{"@type":"PropertyValueSpecification","valueRequired":true,"valueName":"search_term_string"}}],"inLanguage":"sk-SK"}]}},"_links":{"self":[{"href":"https:\/\/www.lobsters.at\/sk\/wp-json\/wp\/v2\/pages\/2590","targetHints":{"allow":["GET"]}}],"collection":[{"href":"https:\/\/www.lobsters.at\/sk\/wp-json\/wp\/v2\/pages"}],"about":[{"href":"https:\/\/www.lobsters.at\/sk\/wp-json\/wp\/v2\/types\/page"}],"author":[{"embeddable":true,"href":"https:\/\/www.lobsters.at\/sk\/wp-json\/wp\/v2\/users\/3"}],"replies":[{"embeddable":true,"href":"https:\/\/www.lobsters.at\/sk\/wp-json\/wp\/v2\/comments?post=2590"}],"version-history":[{"count":2,"href":"https:\/\/www.lobsters.at\/sk\/wp-json\/wp\/v2\/pages\/2590\/revisions"}],"predecessor-version":[{"id":3286,"href":"https:\/\/www.lobsters.at\/sk\/wp-json\/wp\/v2\/pages\/2590\/revisions\/3286"}],"wp:featuredmedia":[{"embeddable":true,"href":"https:\/\/www.lobsters.at\/sk\/wp-json\/wp\/v2\/media\/2009"}],"wp:attachment":[{"href":"https:\/\/www.lobsters.at\/sk\/wp-json\/wp\/v2\/media?parent=2590"}],"curies":[{"name":"wp","href":"https:\/\/api.w.org\/{rel}","templated":true}]}}