{"id":2575,"date":"2021-03-17T16:45:59","date_gmt":"2021-03-17T15:45:59","guid":{"rendered":"https:\/\/www.lobsters.at\/?page_id=2575"},"modified":"2022-11-11T13:26:17","modified_gmt":"2022-11-11T12:26:17","slug":"lobsters-ginger-ale","status":"publish","type":"page","link":"https:\/\/www.lobsters.at\/sk\/lobsters-ginger-ale\/","title":{"rendered":"LOBSTERS GINGER ALE"},"content":{"rendered":"<p><strong>Lobsters Yogi Rule #3<strong><img loading=\"lazy\" decoding=\"async\" class=\"alignright wp-image-158 size-full\" src=\"https:\/\/www.lobsters.at\/wp-content\/uploads\/2014\/11\/Ginger_Ale_2022_web.jpg\" alt=\"LOBSTERS GINGER ALE - THE SPICY ONE\" width=\"510\" height=\"822\" srcset=\"https:\/\/www.lobsters.at\/wp-content\/uploads\/2014\/11\/Ginger_Ale_2022_web.jpg 510w, https:\/\/www.lobsters.at\/wp-content\/uploads\/2014\/11\/Ginger_Ale_2022_web-186x300.jpg 186w\" sizes=\"auto, (max-width: 510px) 100vw, 510px\" \/><\/strong><\/strong><br \/>\nBe happy. It drives people crazy.<\/p>\n<p>The Spicy One. Tradi\u010dn\u00fd, ale v modernej verzii. Najprv sa prejav\u00ed \u010distou chu\u0165ou a\u00a0potom triumfuje ne\u010dakan\u00fdmi pr\u00edchu\u0165ami.<\/p>\n<p>Kombin\u00e1cia jablkovej \u0161\u0165avy, citr\u00f3novej \u0161\u0165avy, jemne korenist\u00e9ho <a href=\"https:\/\/www.lobsters.at\/sk\/burning-hot-hot-hot\/\">z\u00e1zvoru<\/a> a\u00a0extraktu z\u00a0ginkga je ne\u010dakan\u00fdm z\u00e1\u017eitkom pre va\u0161e \u00fasta.<\/p>\n<div class=\"grey\"><strong>A okrem toho: N\u00e1\u0161 Ginger Ale m\u00e1 ove\u013ea menej cukru a neobsahuje \u017eiadne sladidl\u00e1!<\/strong><br \/>\nV\u00fd\u017eivov\u00e9 hodnoty na 100ml<br \/>\nEnergia\u00a0 107 kJ (25 kcal)<br \/>\nTuky &lt; 0,1 g<br \/>\nz toho nas. mastn\u00e9 kyseliny &lt; 0,1 g<br \/>\nSacharidy 5,9 g<br \/>\nz toho cukry\u00a0 5,9 g<br \/>\nBielkoviny &lt; 0,1 g<br \/>\nSo\u013e\u00a0 &lt; 0,01 g<\/div>\n","protected":false},"excerpt":{"rendered":"<p>Lobsters Yogi Rule #3 Be happy. It drives people crazy.&hellip; <a href=\"https:\/\/www.lobsters.at\/sk\/lobsters-ginger-ale\/\" class=\"more-link\">Continue Reading<\/a><\/p>\n","protected":false},"author":3,"featured_media":2001,"parent":0,"menu_order":0,"comment_status":"closed","ping_status":"closed","template":"","meta":{"_acf_changed":false,"footnotes":""},"class_list":["post-2575","page","type-page","status-publish","has-post-thumbnail","hentry","has-thumbnail"],"acf":[],"yoast_head":"<!-- This site is optimized with the Yoast SEO plugin v27.5 - https:\/\/yoast.com\/product\/yoast-seo-wordpress\/ -->\n<title>LOBSTERS GINGER ALE - LOBSTERS<\/title>\n<meta name=\"robots\" content=\"index, follow, max-snippet:-1, max-image-preview:large, max-video-preview:-1\" \/>\n<link rel=\"canonical\" href=\"https:\/\/www.lobsters.at\/sk\/lobsters-ginger-ale\/\" \/>\n<meta property=\"og:locale\" content=\"sk_SK\" \/>\n<meta property=\"og:type\" content=\"article\" \/>\n<meta property=\"og:title\" content=\"LOBSTERS GINGER ALE - LOBSTERS\" \/>\n<meta property=\"og:description\" content=\"Lobsters Yogi Rule #3 Be happy. It drives people crazy.&hellip; Continue Reading\" \/>\n<meta property=\"og:url\" content=\"https:\/\/www.lobsters.at\/sk\/lobsters-ginger-ale\/\" \/>\n<meta property=\"og:site_name\" content=\"LOBSTERS\" \/>\n<meta property=\"article:modified_time\" content=\"2022-11-11T12:26:17+00:00\" \/>\n<meta property=\"og:image\" content=\"https:\/\/www.lobsters.at\/wp-content\/uploads\/2014\/11\/Headerbild400_2.jpg\" \/>\n\t<meta property=\"og:image:width\" content=\"1024\" \/>\n\t<meta property=\"og:image:height\" content=\"400\" \/>\n\t<meta property=\"og:image:type\" content=\"image\/jpeg\" \/>\n<meta name=\"twitter:card\" content=\"summary_large_image\" \/>\n<meta name=\"twitter:label1\" content=\"Predpokladan\u00fd \u010das \u010d\u00edtania\" \/>\n\t<meta name=\"twitter:data1\" content=\"1 min\u00fata\" \/>\n<script type=\"application\/ld+json\" class=\"yoast-schema-graph\">{\"@context\":\"https:\\\/\\\/schema.org\",\"@graph\":[{\"@type\":\"WebPage\",\"@id\":\"https:\\\/\\\/www.lobsters.at\\\/sk\\\/lobsters-ginger-ale\\\/\",\"url\":\"https:\\\/\\\/www.lobsters.at\\\/sk\\\/lobsters-ginger-ale\\\/\",\"name\":\"LOBSTERS GINGER ALE - LOBSTERS\",\"isPartOf\":{\"@id\":\"https:\\\/\\\/www.lobsters.at\\\/#website\"},\"primaryImageOfPage\":{\"@id\":\"https:\\\/\\\/www.lobsters.at\\\/sk\\\/lobsters-ginger-ale\\\/#primaryimage\"},\"image\":{\"@id\":\"https:\\\/\\\/www.lobsters.at\\\/sk\\\/lobsters-ginger-ale\\\/#primaryimage\"},\"thumbnailUrl\":\"https:\\\/\\\/www.lobsters.at\\\/wp-content\\\/uploads\\\/2014\\\/11\\\/Headerbild400_2.jpg\",\"datePublished\":\"2021-03-17T15:45:59+00:00\",\"dateModified\":\"2022-11-11T12:26:17+00:00\",\"breadcrumb\":{\"@id\":\"https:\\\/\\\/www.lobsters.at\\\/sk\\\/lobsters-ginger-ale\\\/#breadcrumb\"},\"inLanguage\":\"sk-SK\",\"potentialAction\":[{\"@type\":\"ReadAction\",\"target\":[\"https:\\\/\\\/www.lobsters.at\\\/sk\\\/lobsters-ginger-ale\\\/\"]}]},{\"@type\":\"ImageObject\",\"inLanguage\":\"sk-SK\",\"@id\":\"https:\\\/\\\/www.lobsters.at\\\/sk\\\/lobsters-ginger-ale\\\/#primaryimage\",\"url\":\"https:\\\/\\\/www.lobsters.at\\\/wp-content\\\/uploads\\\/2014\\\/11\\\/Headerbild400_2.jpg\",\"contentUrl\":\"https:\\\/\\\/www.lobsters.at\\\/wp-content\\\/uploads\\\/2014\\\/11\\\/Headerbild400_2.jpg\",\"width\":1024,\"height\":400},{\"@type\":\"BreadcrumbList\",\"@id\":\"https:\\\/\\\/www.lobsters.at\\\/sk\\\/lobsters-ginger-ale\\\/#breadcrumb\",\"itemListElement\":[{\"@type\":\"ListItem\",\"position\":1,\"name\":\"Startseite\",\"item\":\"https:\\\/\\\/www.lobsters.at\\\/\"},{\"@type\":\"ListItem\",\"position\":2,\"name\":\"LOBSTERS GINGER ALE\"}]},{\"@type\":\"WebSite\",\"@id\":\"https:\\\/\\\/www.lobsters.at\\\/#website\",\"url\":\"https:\\\/\\\/www.lobsters.at\\\/\",\"name\":\"LOBSTERS\",\"description\":\"THE NEW GENERATION OF TASTE\",\"potentialAction\":[{\"@type\":\"SearchAction\",\"target\":{\"@type\":\"EntryPoint\",\"urlTemplate\":\"https:\\\/\\\/www.lobsters.at\\\/?s={search_term_string}\"},\"query-input\":{\"@type\":\"PropertyValueSpecification\",\"valueRequired\":true,\"valueName\":\"search_term_string\"}}],\"inLanguage\":\"sk-SK\"}]}<\/script>\n<!-- \/ Yoast SEO plugin. -->","yoast_head_json":{"title":"LOBSTERS GINGER ALE - LOBSTERS","robots":{"index":"index","follow":"follow","max-snippet":"max-snippet:-1","max-image-preview":"max-image-preview:large","max-video-preview":"max-video-preview:-1"},"canonical":"https:\/\/www.lobsters.at\/sk\/lobsters-ginger-ale\/","og_locale":"sk_SK","og_type":"article","og_title":"LOBSTERS GINGER ALE - LOBSTERS","og_description":"Lobsters Yogi Rule #3 Be happy. It drives people crazy.&hellip; Continue Reading","og_url":"https:\/\/www.lobsters.at\/sk\/lobsters-ginger-ale\/","og_site_name":"LOBSTERS","article_modified_time":"2022-11-11T12:26:17+00:00","og_image":[{"width":1024,"height":400,"url":"https:\/\/www.lobsters.at\/wp-content\/uploads\/2014\/11\/Headerbild400_2.jpg","type":"image\/jpeg"}],"twitter_card":"summary_large_image","twitter_misc":{"Predpokladan\u00fd \u010das \u010d\u00edtania":"1 min\u00fata"},"schema":{"@context":"https:\/\/schema.org","@graph":[{"@type":"WebPage","@id":"https:\/\/www.lobsters.at\/sk\/lobsters-ginger-ale\/","url":"https:\/\/www.lobsters.at\/sk\/lobsters-ginger-ale\/","name":"LOBSTERS GINGER ALE - LOBSTERS","isPartOf":{"@id":"https:\/\/www.lobsters.at\/#website"},"primaryImageOfPage":{"@id":"https:\/\/www.lobsters.at\/sk\/lobsters-ginger-ale\/#primaryimage"},"image":{"@id":"https:\/\/www.lobsters.at\/sk\/lobsters-ginger-ale\/#primaryimage"},"thumbnailUrl":"https:\/\/www.lobsters.at\/wp-content\/uploads\/2014\/11\/Headerbild400_2.jpg","datePublished":"2021-03-17T15:45:59+00:00","dateModified":"2022-11-11T12:26:17+00:00","breadcrumb":{"@id":"https:\/\/www.lobsters.at\/sk\/lobsters-ginger-ale\/#breadcrumb"},"inLanguage":"sk-SK","potentialAction":[{"@type":"ReadAction","target":["https:\/\/www.lobsters.at\/sk\/lobsters-ginger-ale\/"]}]},{"@type":"ImageObject","inLanguage":"sk-SK","@id":"https:\/\/www.lobsters.at\/sk\/lobsters-ginger-ale\/#primaryimage","url":"https:\/\/www.lobsters.at\/wp-content\/uploads\/2014\/11\/Headerbild400_2.jpg","contentUrl":"https:\/\/www.lobsters.at\/wp-content\/uploads\/2014\/11\/Headerbild400_2.jpg","width":1024,"height":400},{"@type":"BreadcrumbList","@id":"https:\/\/www.lobsters.at\/sk\/lobsters-ginger-ale\/#breadcrumb","itemListElement":[{"@type":"ListItem","position":1,"name":"Startseite","item":"https:\/\/www.lobsters.at\/"},{"@type":"ListItem","position":2,"name":"LOBSTERS GINGER ALE"}]},{"@type":"WebSite","@id":"https:\/\/www.lobsters.at\/#website","url":"https:\/\/www.lobsters.at\/","name":"LOBSTERS","description":"THE NEW GENERATION OF TASTE","potentialAction":[{"@type":"SearchAction","target":{"@type":"EntryPoint","urlTemplate":"https:\/\/www.lobsters.at\/?s={search_term_string}"},"query-input":{"@type":"PropertyValueSpecification","valueRequired":true,"valueName":"search_term_string"}}],"inLanguage":"sk-SK"}]}},"_links":{"self":[{"href":"https:\/\/www.lobsters.at\/sk\/wp-json\/wp\/v2\/pages\/2575","targetHints":{"allow":["GET"]}}],"collection":[{"href":"https:\/\/www.lobsters.at\/sk\/wp-json\/wp\/v2\/pages"}],"about":[{"href":"https:\/\/www.lobsters.at\/sk\/wp-json\/wp\/v2\/types\/page"}],"author":[{"embeddable":true,"href":"https:\/\/www.lobsters.at\/sk\/wp-json\/wp\/v2\/users\/3"}],"replies":[{"embeddable":true,"href":"https:\/\/www.lobsters.at\/sk\/wp-json\/wp\/v2\/comments?post=2575"}],"version-history":[{"count":2,"href":"https:\/\/www.lobsters.at\/sk\/wp-json\/wp\/v2\/pages\/2575\/revisions"}],"predecessor-version":[{"id":4305,"href":"https:\/\/www.lobsters.at\/sk\/wp-json\/wp\/v2\/pages\/2575\/revisions\/4305"}],"wp:featuredmedia":[{"embeddable":true,"href":"https:\/\/www.lobsters.at\/sk\/wp-json\/wp\/v2\/media\/2001"}],"wp:attachment":[{"href":"https:\/\/www.lobsters.at\/sk\/wp-json\/wp\/v2\/media?parent=2575"}],"curies":[{"name":"wp","href":"https:\/\/api.w.org\/{rel}","templated":true}]}}