{"id":2567,"date":"2021-03-17T16:29:24","date_gmt":"2021-03-17T15:29:24","guid":{"rendered":"https:\/\/www.lobsters.at\/?page_id=2567"},"modified":"2022-11-11T13:26:08","modified_gmt":"2022-11-11T12:26:08","slug":"lobsters-tonic-water","status":"publish","type":"page","link":"https:\/\/www.lobsters.at\/sk\/lobsters-tonic-water\/","title":{"rendered":"LOBSTERS TONIC WATER"},"content":{"rendered":"<p><strong><img loading=\"lazy\" decoding=\"async\" class=\"alignright wp-image-152 size-full\" src=\"https:\/\/www.lobsters.at\/wp-content\/uploads\/2014\/11\/Tonic_Water_2022_web.jpg\" alt=\"LOBSTERS TONIC WATER - THE GENTLEMAN\" width=\"510\" height=\"822\" \/>Lobsters Gentleman\u2019s Rule #1<\/strong><br \/>\nDo what is right. Not what is easy.<\/p>\n<p>The Gentleman. Spr\u00e1va sa jemne a zdr\u017eanlivo, ako prav\u00fd gentleman. A tak\u00fdch nie je nikdy dos\u0165! Tonic Water je v\u010faka ni\u017e\u0161iemu obsahu cukru \u201eextra dry &amp; classic\u201c, vynikaj\u00faco osvie\u017euj\u00faci a v\u010faka chin\u00ednu jemne hork\u00fd v z\u00e1vere.<\/p>\n<div class=\"grey\"><strong>A okrem toho: N\u00e1\u0161 Tonic Water m\u00e1 ove\u013ea menej cukru a neobsahuje \u017eiadne sladidl\u00e1!<\/strong><br \/>\nV\u00fd\u017eivov\u00e9 hodnoty na 100ml<br \/>\nEnergia 110 kJ (26 kcal)<br \/>\nTuky &lt; 0,1 g<br \/>\nz toho nas. mastn\u00e9 kyseliny &lt; 0,1 g<br \/>\nSacharidy 6,2 g<br \/>\nz toho cukry 6,2 g<br \/>\nBielkoviny &lt; 0,1 g<br \/>\nSo\u013e &lt; 0,01 g<\/div>\n","protected":false},"excerpt":{"rendered":"<p>Lobsters Gentleman\u2019s Rule #1 Do what is right. Not what&hellip; <a href=\"https:\/\/www.lobsters.at\/sk\/lobsters-tonic-water\/\" class=\"more-link\">Continue Reading<\/a><\/p>\n","protected":false},"author":3,"featured_media":2001,"parent":0,"menu_order":0,"comment_status":"closed","ping_status":"closed","template":"","meta":{"_acf_changed":false,"footnotes":""},"class_list":["post-2567","page","type-page","status-publish","has-post-thumbnail","hentry","has-thumbnail"],"acf":[],"yoast_head":"<!-- This site is optimized with the Yoast SEO plugin v27.5 - https:\/\/yoast.com\/product\/yoast-seo-wordpress\/ -->\n<title>LOBSTERS TONIC WATER - LOBSTERS<\/title>\n<meta name=\"robots\" content=\"index, follow, max-snippet:-1, max-image-preview:large, max-video-preview:-1\" \/>\n<link rel=\"canonical\" href=\"https:\/\/www.lobsters.at\/sk\/lobsters-tonic-water\/\" \/>\n<meta property=\"og:locale\" content=\"sk_SK\" \/>\n<meta property=\"og:type\" content=\"article\" \/>\n<meta property=\"og:title\" content=\"LOBSTERS TONIC WATER - LOBSTERS\" \/>\n<meta property=\"og:description\" content=\"Lobsters Gentleman\u2019s Rule #1 Do what is right. Not what&hellip; Continue Reading\" \/>\n<meta property=\"og:url\" content=\"https:\/\/www.lobsters.at\/sk\/lobsters-tonic-water\/\" \/>\n<meta property=\"og:site_name\" content=\"LOBSTERS\" \/>\n<meta property=\"article:modified_time\" content=\"2022-11-11T12:26:08+00:00\" \/>\n<meta property=\"og:image\" content=\"https:\/\/www.lobsters.at\/wp-content\/uploads\/2014\/11\/Headerbild400_2.jpg\" \/>\n\t<meta property=\"og:image:width\" content=\"1024\" \/>\n\t<meta property=\"og:image:height\" content=\"400\" \/>\n\t<meta property=\"og:image:type\" content=\"image\/jpeg\" \/>\n<meta name=\"twitter:card\" content=\"summary_large_image\" \/>\n<meta name=\"twitter:label1\" content=\"Predpokladan\u00fd \u010das \u010d\u00edtania\" \/>\n\t<meta name=\"twitter:data1\" content=\"1 min\u00fata\" \/>\n<script type=\"application\/ld+json\" class=\"yoast-schema-graph\">{\"@context\":\"https:\\\/\\\/schema.org\",\"@graph\":[{\"@type\":\"WebPage\",\"@id\":\"https:\\\/\\\/www.lobsters.at\\\/sk\\\/lobsters-tonic-water\\\/\",\"url\":\"https:\\\/\\\/www.lobsters.at\\\/sk\\\/lobsters-tonic-water\\\/\",\"name\":\"LOBSTERS TONIC WATER - LOBSTERS\",\"isPartOf\":{\"@id\":\"https:\\\/\\\/www.lobsters.at\\\/#website\"},\"primaryImageOfPage\":{\"@id\":\"https:\\\/\\\/www.lobsters.at\\\/sk\\\/lobsters-tonic-water\\\/#primaryimage\"},\"image\":{\"@id\":\"https:\\\/\\\/www.lobsters.at\\\/sk\\\/lobsters-tonic-water\\\/#primaryimage\"},\"thumbnailUrl\":\"https:\\\/\\\/www.lobsters.at\\\/wp-content\\\/uploads\\\/2014\\\/11\\\/Headerbild400_2.jpg\",\"datePublished\":\"2021-03-17T15:29:24+00:00\",\"dateModified\":\"2022-11-11T12:26:08+00:00\",\"breadcrumb\":{\"@id\":\"https:\\\/\\\/www.lobsters.at\\\/sk\\\/lobsters-tonic-water\\\/#breadcrumb\"},\"inLanguage\":\"sk-SK\",\"potentialAction\":[{\"@type\":\"ReadAction\",\"target\":[\"https:\\\/\\\/www.lobsters.at\\\/sk\\\/lobsters-tonic-water\\\/\"]}]},{\"@type\":\"ImageObject\",\"inLanguage\":\"sk-SK\",\"@id\":\"https:\\\/\\\/www.lobsters.at\\\/sk\\\/lobsters-tonic-water\\\/#primaryimage\",\"url\":\"https:\\\/\\\/www.lobsters.at\\\/wp-content\\\/uploads\\\/2014\\\/11\\\/Headerbild400_2.jpg\",\"contentUrl\":\"https:\\\/\\\/www.lobsters.at\\\/wp-content\\\/uploads\\\/2014\\\/11\\\/Headerbild400_2.jpg\",\"width\":1024,\"height\":400},{\"@type\":\"BreadcrumbList\",\"@id\":\"https:\\\/\\\/www.lobsters.at\\\/sk\\\/lobsters-tonic-water\\\/#breadcrumb\",\"itemListElement\":[{\"@type\":\"ListItem\",\"position\":1,\"name\":\"Startseite\",\"item\":\"https:\\\/\\\/www.lobsters.at\\\/\"},{\"@type\":\"ListItem\",\"position\":2,\"name\":\"LOBSTERS TONIC WATER\"}]},{\"@type\":\"WebSite\",\"@id\":\"https:\\\/\\\/www.lobsters.at\\\/#website\",\"url\":\"https:\\\/\\\/www.lobsters.at\\\/\",\"name\":\"LOBSTERS\",\"description\":\"THE NEW GENERATION OF TASTE\",\"potentialAction\":[{\"@type\":\"SearchAction\",\"target\":{\"@type\":\"EntryPoint\",\"urlTemplate\":\"https:\\\/\\\/www.lobsters.at\\\/?s={search_term_string}\"},\"query-input\":{\"@type\":\"PropertyValueSpecification\",\"valueRequired\":true,\"valueName\":\"search_term_string\"}}],\"inLanguage\":\"sk-SK\"}]}<\/script>\n<!-- \/ Yoast SEO plugin. -->","yoast_head_json":{"title":"LOBSTERS TONIC WATER - LOBSTERS","robots":{"index":"index","follow":"follow","max-snippet":"max-snippet:-1","max-image-preview":"max-image-preview:large","max-video-preview":"max-video-preview:-1"},"canonical":"https:\/\/www.lobsters.at\/sk\/lobsters-tonic-water\/","og_locale":"sk_SK","og_type":"article","og_title":"LOBSTERS TONIC WATER - LOBSTERS","og_description":"Lobsters Gentleman\u2019s Rule #1 Do what is right. Not what&hellip; Continue Reading","og_url":"https:\/\/www.lobsters.at\/sk\/lobsters-tonic-water\/","og_site_name":"LOBSTERS","article_modified_time":"2022-11-11T12:26:08+00:00","og_image":[{"width":1024,"height":400,"url":"https:\/\/www.lobsters.at\/wp-content\/uploads\/2014\/11\/Headerbild400_2.jpg","type":"image\/jpeg"}],"twitter_card":"summary_large_image","twitter_misc":{"Predpokladan\u00fd \u010das \u010d\u00edtania":"1 min\u00fata"},"schema":{"@context":"https:\/\/schema.org","@graph":[{"@type":"WebPage","@id":"https:\/\/www.lobsters.at\/sk\/lobsters-tonic-water\/","url":"https:\/\/www.lobsters.at\/sk\/lobsters-tonic-water\/","name":"LOBSTERS TONIC WATER - LOBSTERS","isPartOf":{"@id":"https:\/\/www.lobsters.at\/#website"},"primaryImageOfPage":{"@id":"https:\/\/www.lobsters.at\/sk\/lobsters-tonic-water\/#primaryimage"},"image":{"@id":"https:\/\/www.lobsters.at\/sk\/lobsters-tonic-water\/#primaryimage"},"thumbnailUrl":"https:\/\/www.lobsters.at\/wp-content\/uploads\/2014\/11\/Headerbild400_2.jpg","datePublished":"2021-03-17T15:29:24+00:00","dateModified":"2022-11-11T12:26:08+00:00","breadcrumb":{"@id":"https:\/\/www.lobsters.at\/sk\/lobsters-tonic-water\/#breadcrumb"},"inLanguage":"sk-SK","potentialAction":[{"@type":"ReadAction","target":["https:\/\/www.lobsters.at\/sk\/lobsters-tonic-water\/"]}]},{"@type":"ImageObject","inLanguage":"sk-SK","@id":"https:\/\/www.lobsters.at\/sk\/lobsters-tonic-water\/#primaryimage","url":"https:\/\/www.lobsters.at\/wp-content\/uploads\/2014\/11\/Headerbild400_2.jpg","contentUrl":"https:\/\/www.lobsters.at\/wp-content\/uploads\/2014\/11\/Headerbild400_2.jpg","width":1024,"height":400},{"@type":"BreadcrumbList","@id":"https:\/\/www.lobsters.at\/sk\/lobsters-tonic-water\/#breadcrumb","itemListElement":[{"@type":"ListItem","position":1,"name":"Startseite","item":"https:\/\/www.lobsters.at\/"},{"@type":"ListItem","position":2,"name":"LOBSTERS TONIC WATER"}]},{"@type":"WebSite","@id":"https:\/\/www.lobsters.at\/#website","url":"https:\/\/www.lobsters.at\/","name":"LOBSTERS","description":"THE NEW GENERATION OF TASTE","potentialAction":[{"@type":"SearchAction","target":{"@type":"EntryPoint","urlTemplate":"https:\/\/www.lobsters.at\/?s={search_term_string}"},"query-input":{"@type":"PropertyValueSpecification","valueRequired":true,"valueName":"search_term_string"}}],"inLanguage":"sk-SK"}]}},"_links":{"self":[{"href":"https:\/\/www.lobsters.at\/sk\/wp-json\/wp\/v2\/pages\/2567","targetHints":{"allow":["GET"]}}],"collection":[{"href":"https:\/\/www.lobsters.at\/sk\/wp-json\/wp\/v2\/pages"}],"about":[{"href":"https:\/\/www.lobsters.at\/sk\/wp-json\/wp\/v2\/types\/page"}],"author":[{"embeddable":true,"href":"https:\/\/www.lobsters.at\/sk\/wp-json\/wp\/v2\/users\/3"}],"replies":[{"embeddable":true,"href":"https:\/\/www.lobsters.at\/sk\/wp-json\/wp\/v2\/comments?post=2567"}],"version-history":[{"count":4,"href":"https:\/\/www.lobsters.at\/sk\/wp-json\/wp\/v2\/pages\/2567\/revisions"}],"predecessor-version":[{"id":4303,"href":"https:\/\/www.lobsters.at\/sk\/wp-json\/wp\/v2\/pages\/2567\/revisions\/4303"}],"wp:featuredmedia":[{"embeddable":true,"href":"https:\/\/www.lobsters.at\/sk\/wp-json\/wp\/v2\/media\/2001"}],"wp:attachment":[{"href":"https:\/\/www.lobsters.at\/sk\/wp-json\/wp\/v2\/media?parent=2567"}],"curies":[{"name":"wp","href":"https:\/\/api.w.org\/{rel}","templated":true}]}}