{"id":2563,"date":"2021-03-17T16:24:20","date_gmt":"2021-03-17T15:24:20","guid":{"rendered":"https:\/\/www.lobsters.at\/?page_id=2563"},"modified":"2022-12-15T09:40:54","modified_gmt":"2022-12-15T08:40:54","slug":"styri-napoje-lobsters","status":"publish","type":"page","link":"https:\/\/www.lobsters.at\/sk\/styri-napoje-lobsters\/","title":{"rendered":"\u0160TYRI N\u00c1POJE LOBSTERS"},"content":{"rendered":"<p style=\"text-align: left;\"><strong>Sme tak\u00ed slobodn\u00ed.<\/strong><br \/>\n\u017diadne umel\u00e9 pr\u00edsady, \u017eiadne umel\u00e9 ar\u00f3my, \u017eiadne zbyto\u010dnosti. Iba \u010dist\u00e1, prirodzen\u00e1 a\u00a0v\u00fdborn\u00e1 chu\u0165. Lobsters Drinks s\u00fa odpove\u010fou na dopyt po menej sladkom osvie\u017euj\u00facom n\u00e1poji. \u017diadna klasika. \u017diadna sladk\u00e1 bomba. Ani \u017eiadny hork\u00fd n\u00e1poj, ktor\u00fd miluj\u00fa iba niektor\u00ed. Ale je to nov\u00e1, \u00faplne jedine\u010dn\u00e1 chu\u0165. A\u00a0t\u00e1 je proste super! Vo v\u0161etk\u00fdch \u0161tyroch druhoch.<\/p>\n<p><strong>POZOR \u2013 S NI\u017d\u0160\u00cdM OBSAHOM CUKRU!<\/strong><\/p>\n<p style=\"text-align: left;\">\n<p style=\"text-align: left;\"><a href=\"https:\/\/www.lobsters.at\/sk\/lobsters-lemon-mint\/\"><img loading=\"lazy\" decoding=\"async\" class=\"alignright wp-image-150 size-medium\" src=\"https:\/\/www.lobsters.at\/wp-content\/uploads\/2014\/11\/Lemon_Mint_2022_web.jpg\" alt=\"Lemon-Mint\" width=\"186\" height=\"300\" srcset=\"https:\/\/www.lobsters.at\/wp-content\/uploads\/2014\/11\/Lemon_Mint_2022_web.jpg 510w, https:\/\/www.lobsters.at\/wp-content\/uploads\/2014\/11\/Lemon_Mint_2022_web-186x300.jpg 186w\" sizes=\"auto, (max-width: 186px) 100vw, 186px\" \/><\/a><a href=\"https:\/\/www.lobsters.at\/sk\/lobsters-ginger-ale\/\"><img loading=\"lazy\" decoding=\"async\" class=\"alignright wp-image-158 size-medium\" src=\"https:\/\/www.lobsters.at\/wp-content\/uploads\/2014\/11\/Ginger_Ale_2022_web.jpg\" alt=\"Ginger-Ale\" width=\"186\" height=\"300\" srcset=\"https:\/\/www.lobsters.at\/wp-content\/uploads\/2014\/11\/Ginger_Ale_2022_web.jpg 510w, https:\/\/www.lobsters.at\/wp-content\/uploads\/2014\/11\/Ginger_Ale_2022_web-186x300.jpg 186w\" sizes=\"auto, (max-width: 186px) 100vw, 186px\" \/><\/a><a href=\"https:\/\/www.lobsters.at\/sk\/lobsters-bitter-lemon\/\"><img loading=\"lazy\" decoding=\"async\" class=\"alignright wp-image-155 size-medium\" src=\"https:\/\/www.lobsters.at\/wp-content\/uploads\/2014\/11\/Bitter_Lemon_2022_web.jpg\" alt=\"Bitter-Lemon\" width=\"186\" height=\"300\" srcset=\"https:\/\/www.lobsters.at\/wp-content\/uploads\/2014\/11\/Bitter_Lemon_2022_web.jpg 510w, https:\/\/www.lobsters.at\/wp-content\/uploads\/2014\/11\/Bitter_Lemon_2022_web-186x300.jpg 186w\" sizes=\"auto, (max-width: 186px) 100vw, 186px\" \/><\/a><a href=\"https:\/\/www.lobsters.at\/sk\/lobsters-tonic-water\/\"><img loading=\"lazy\" decoding=\"async\" class=\"alignright wp-image-152 size-medium\" src=\"https:\/\/www.lobsters.at\/wp-content\/uploads\/2014\/11\/Tonic_Water_2022_web.jpg\" alt=\"Tonic-Water\" width=\"186\" height=\"300\" \/><\/a><\/p>\n","protected":false},"excerpt":{"rendered":"<p>Sme tak\u00ed slobodn\u00ed. \u017diadne umel\u00e9 pr\u00edsady, \u017eiadne umel\u00e9 ar\u00f3my, \u017eiadne&hellip; <a href=\"https:\/\/www.lobsters.at\/sk\/styri-napoje-lobsters\/\" class=\"more-link\">Continue Reading<\/a><\/p>\n","protected":false},"author":3,"featured_media":2019,"parent":0,"menu_order":0,"comment_status":"closed","ping_status":"open","template":"","meta":{"_acf_changed":false,"footnotes":""},"class_list":["post-2563","page","type-page","status-publish","has-post-thumbnail","hentry","has-thumbnail"],"acf":[],"yoast_head":"<!-- This site is optimized with the Yoast SEO plugin v27.4 - https:\/\/yoast.com\/product\/yoast-seo-wordpress\/ -->\n<title>\u0160TYRI N\u00c1POJE LOBSTERS - LOBSTERS<\/title>\n<meta name=\"robots\" content=\"index, follow, max-snippet:-1, max-image-preview:large, max-video-preview:-1\" \/>\n<link rel=\"canonical\" href=\"https:\/\/www.lobsters.at\/sk\/styri-napoje-lobsters\/\" \/>\n<meta property=\"og:locale\" content=\"sk_SK\" \/>\n<meta property=\"og:type\" content=\"article\" \/>\n<meta property=\"og:title\" content=\"\u0160TYRI N\u00c1POJE LOBSTERS - LOBSTERS\" \/>\n<meta property=\"og:description\" content=\"Sme tak\u00ed slobodn\u00ed. \u017diadne umel\u00e9 pr\u00edsady, \u017eiadne umel\u00e9 ar\u00f3my, \u017eiadne&hellip; Continue Reading\" \/>\n<meta property=\"og:url\" content=\"https:\/\/www.lobsters.at\/sk\/styri-napoje-lobsters\/\" \/>\n<meta property=\"og:site_name\" content=\"LOBSTERS\" \/>\n<meta property=\"article:modified_time\" content=\"2022-12-15T08:40:54+00:00\" \/>\n<meta property=\"og:image\" content=\"https:\/\/www.lobsters.at\/wp-content\/uploads\/2014\/11\/Headerbild400_10.jpg\" \/>\n\t<meta property=\"og:image:width\" content=\"1024\" \/>\n\t<meta property=\"og:image:height\" content=\"400\" \/>\n\t<meta property=\"og:image:type\" content=\"image\/jpeg\" \/>\n<meta name=\"twitter:card\" content=\"summary_large_image\" \/>\n<meta name=\"twitter:label1\" content=\"Predpokladan\u00fd \u010das \u010d\u00edtania\" \/>\n\t<meta name=\"twitter:data1\" content=\"2 min\u00faty\" \/>\n<script type=\"application\/ld+json\" class=\"yoast-schema-graph\">{\"@context\":\"https:\\\/\\\/schema.org\",\"@graph\":[{\"@type\":\"WebPage\",\"@id\":\"https:\\\/\\\/www.lobsters.at\\\/sk\\\/styri-napoje-lobsters\\\/\",\"url\":\"https:\\\/\\\/www.lobsters.at\\\/sk\\\/styri-napoje-lobsters\\\/\",\"name\":\"\u0160TYRI N\u00c1POJE LOBSTERS - LOBSTERS\",\"isPartOf\":{\"@id\":\"https:\\\/\\\/www.lobsters.at\\\/#website\"},\"primaryImageOfPage\":{\"@id\":\"https:\\\/\\\/www.lobsters.at\\\/sk\\\/styri-napoje-lobsters\\\/#primaryimage\"},\"image\":{\"@id\":\"https:\\\/\\\/www.lobsters.at\\\/sk\\\/styri-napoje-lobsters\\\/#primaryimage\"},\"thumbnailUrl\":\"https:\\\/\\\/www.lobsters.at\\\/wp-content\\\/uploads\\\/2014\\\/11\\\/Headerbild400_10.jpg\",\"datePublished\":\"2021-03-17T15:24:20+00:00\",\"dateModified\":\"2022-12-15T08:40:54+00:00\",\"breadcrumb\":{\"@id\":\"https:\\\/\\\/www.lobsters.at\\\/sk\\\/styri-napoje-lobsters\\\/#breadcrumb\"},\"inLanguage\":\"sk-SK\",\"potentialAction\":[{\"@type\":\"ReadAction\",\"target\":[\"https:\\\/\\\/www.lobsters.at\\\/sk\\\/styri-napoje-lobsters\\\/\"]}]},{\"@type\":\"ImageObject\",\"inLanguage\":\"sk-SK\",\"@id\":\"https:\\\/\\\/www.lobsters.at\\\/sk\\\/styri-napoje-lobsters\\\/#primaryimage\",\"url\":\"https:\\\/\\\/www.lobsters.at\\\/wp-content\\\/uploads\\\/2014\\\/11\\\/Headerbild400_10.jpg\",\"contentUrl\":\"https:\\\/\\\/www.lobsters.at\\\/wp-content\\\/uploads\\\/2014\\\/11\\\/Headerbild400_10.jpg\",\"width\":1024,\"height\":400},{\"@type\":\"BreadcrumbList\",\"@id\":\"https:\\\/\\\/www.lobsters.at\\\/sk\\\/styri-napoje-lobsters\\\/#breadcrumb\",\"itemListElement\":[{\"@type\":\"ListItem\",\"position\":1,\"name\":\"Startseite\",\"item\":\"https:\\\/\\\/www.lobsters.at\\\/\"},{\"@type\":\"ListItem\",\"position\":2,\"name\":\"\u0160TYRI N\u00c1POJE LOBSTERS\"}]},{\"@type\":\"WebSite\",\"@id\":\"https:\\\/\\\/www.lobsters.at\\\/#website\",\"url\":\"https:\\\/\\\/www.lobsters.at\\\/\",\"name\":\"LOBSTERS\",\"description\":\"THE NEW GENERATION OF TASTE\",\"potentialAction\":[{\"@type\":\"SearchAction\",\"target\":{\"@type\":\"EntryPoint\",\"urlTemplate\":\"https:\\\/\\\/www.lobsters.at\\\/?s={search_term_string}\"},\"query-input\":{\"@type\":\"PropertyValueSpecification\",\"valueRequired\":true,\"valueName\":\"search_term_string\"}}],\"inLanguage\":\"sk-SK\"}]}<\/script>\n<!-- \/ Yoast SEO plugin. -->","yoast_head_json":{"title":"\u0160TYRI N\u00c1POJE LOBSTERS - LOBSTERS","robots":{"index":"index","follow":"follow","max-snippet":"max-snippet:-1","max-image-preview":"max-image-preview:large","max-video-preview":"max-video-preview:-1"},"canonical":"https:\/\/www.lobsters.at\/sk\/styri-napoje-lobsters\/","og_locale":"sk_SK","og_type":"article","og_title":"\u0160TYRI N\u00c1POJE LOBSTERS - LOBSTERS","og_description":"Sme tak\u00ed slobodn\u00ed. \u017diadne umel\u00e9 pr\u00edsady, \u017eiadne umel\u00e9 ar\u00f3my, \u017eiadne&hellip; Continue Reading","og_url":"https:\/\/www.lobsters.at\/sk\/styri-napoje-lobsters\/","og_site_name":"LOBSTERS","article_modified_time":"2022-12-15T08:40:54+00:00","og_image":[{"width":1024,"height":400,"url":"https:\/\/www.lobsters.at\/wp-content\/uploads\/2014\/11\/Headerbild400_10.jpg","type":"image\/jpeg"}],"twitter_card":"summary_large_image","twitter_misc":{"Predpokladan\u00fd \u010das \u010d\u00edtania":"2 min\u00faty"},"schema":{"@context":"https:\/\/schema.org","@graph":[{"@type":"WebPage","@id":"https:\/\/www.lobsters.at\/sk\/styri-napoje-lobsters\/","url":"https:\/\/www.lobsters.at\/sk\/styri-napoje-lobsters\/","name":"\u0160TYRI N\u00c1POJE LOBSTERS - LOBSTERS","isPartOf":{"@id":"https:\/\/www.lobsters.at\/#website"},"primaryImageOfPage":{"@id":"https:\/\/www.lobsters.at\/sk\/styri-napoje-lobsters\/#primaryimage"},"image":{"@id":"https:\/\/www.lobsters.at\/sk\/styri-napoje-lobsters\/#primaryimage"},"thumbnailUrl":"https:\/\/www.lobsters.at\/wp-content\/uploads\/2014\/11\/Headerbild400_10.jpg","datePublished":"2021-03-17T15:24:20+00:00","dateModified":"2022-12-15T08:40:54+00:00","breadcrumb":{"@id":"https:\/\/www.lobsters.at\/sk\/styri-napoje-lobsters\/#breadcrumb"},"inLanguage":"sk-SK","potentialAction":[{"@type":"ReadAction","target":["https:\/\/www.lobsters.at\/sk\/styri-napoje-lobsters\/"]}]},{"@type":"ImageObject","inLanguage":"sk-SK","@id":"https:\/\/www.lobsters.at\/sk\/styri-napoje-lobsters\/#primaryimage","url":"https:\/\/www.lobsters.at\/wp-content\/uploads\/2014\/11\/Headerbild400_10.jpg","contentUrl":"https:\/\/www.lobsters.at\/wp-content\/uploads\/2014\/11\/Headerbild400_10.jpg","width":1024,"height":400},{"@type":"BreadcrumbList","@id":"https:\/\/www.lobsters.at\/sk\/styri-napoje-lobsters\/#breadcrumb","itemListElement":[{"@type":"ListItem","position":1,"name":"Startseite","item":"https:\/\/www.lobsters.at\/"},{"@type":"ListItem","position":2,"name":"\u0160TYRI N\u00c1POJE LOBSTERS"}]},{"@type":"WebSite","@id":"https:\/\/www.lobsters.at\/#website","url":"https:\/\/www.lobsters.at\/","name":"LOBSTERS","description":"THE NEW GENERATION OF TASTE","potentialAction":[{"@type":"SearchAction","target":{"@type":"EntryPoint","urlTemplate":"https:\/\/www.lobsters.at\/?s={search_term_string}"},"query-input":{"@type":"PropertyValueSpecification","valueRequired":true,"valueName":"search_term_string"}}],"inLanguage":"sk-SK"}]}},"_links":{"self":[{"href":"https:\/\/www.lobsters.at\/sk\/wp-json\/wp\/v2\/pages\/2563","targetHints":{"allow":["GET"]}}],"collection":[{"href":"https:\/\/www.lobsters.at\/sk\/wp-json\/wp\/v2\/pages"}],"about":[{"href":"https:\/\/www.lobsters.at\/sk\/wp-json\/wp\/v2\/types\/page"}],"author":[{"embeddable":true,"href":"https:\/\/www.lobsters.at\/sk\/wp-json\/wp\/v2\/users\/3"}],"replies":[{"embeddable":true,"href":"https:\/\/www.lobsters.at\/sk\/wp-json\/wp\/v2\/comments?post=2563"}],"version-history":[{"count":4,"href":"https:\/\/www.lobsters.at\/sk\/wp-json\/wp\/v2\/pages\/2563\/revisions"}],"predecessor-version":[{"id":4416,"href":"https:\/\/www.lobsters.at\/sk\/wp-json\/wp\/v2\/pages\/2563\/revisions\/4416"}],"wp:featuredmedia":[{"embeddable":true,"href":"https:\/\/www.lobsters.at\/sk\/wp-json\/wp\/v2\/media\/2019"}],"wp:attachment":[{"href":"https:\/\/www.lobsters.at\/sk\/wp-json\/wp\/v2\/media?parent=2563"}],"curies":[{"name":"wp","href":"https:\/\/api.w.org\/{rel}","templated":true}]}}