{"id":3611,"date":"2022-03-22T09:45:02","date_gmt":"2022-03-22T08:45:02","guid":{"rendered":"https:\/\/www.lobsters.at\/?page_id=3611"},"modified":"2022-11-11T13:24:44","modified_gmt":"2022-11-11T12:24:44","slug":"impressum","status":"publish","type":"page","link":"https:\/\/www.lobsters.at\/it\/impressum\/","title":{"rendered":"IMPRONTA"},"content":{"rendered":"<p>LOBSTERS GmbH<br \/>\nFischbachstra\u00dfe 39<br \/>\n5020 Salzburg<br \/>\nAUSTRIA<\/p>\n<p><a class=\"emailLink\" href=\"mailto:juhu@lobsters.at\">juhu@lobsters.at<\/a><br \/>\nTel: +43 664 102 22 53<\/p>\n<p>UID-Nr. ATU 68871768<br \/>\nFN 420391 y. LG Salzburg<\/p>\n<h3>DISCLAIMER<\/h3>\n<p>Non si assume alcuna responsabilit\u00e0 per la completezza, la correttezza e l&#8217;attualit\u00e0 della homepage e del sito web, salvo errori. Tutte le offerte presenti nel database sono soggette a modifiche e soggette a vendite e locazioni precedenti. L&#8217;utente riconosce che l&#8217;uso dei siti web \u00e8 a suo rischio e pericolo, per cui nessuno dei soggetti coinvolti nella creazione delle informazioni pu\u00f2 essere ritenuto (in-) direttamente responsabile per i danni (conseguenti), o tale responsabilit\u00e0 \u00e8 limitata nella misura massima consentita dalla legge.<\/p>\n<h3>GOOGLE ANALYTICS<\/h3>\n<div><span lang=\"EN-US\">Informativa sulla privacy e condizioni di utilizzo<\/span>: <a href=\"https:\/\/policies.google.com\/privacy?gl=de&amp;hl=it\" target=\"_blank\" rel=\"noopener noreferrer\">http:\/\/www.google.de\/policies\/privacy\/<\/a><\/div>\n<div class=\"clear\">\n<h3><span lang=\"EN-US\">INFORMATIVA SULLA PRIVACY<\/span><\/h3>\n<div><\/div>\n<div><span lang=\"EN-US\">Tutte le informazioni relative all&#8217;informativa sulla privacy sono disponibili\u00a0<\/span><a href=\"https:\/\/www.lobsters.at\/datenschutzerklaerung\/\">qui<\/a>.<\/div>\n<\/div>\n","protected":false},"excerpt":{"rendered":"<p>LOBSTERS GmbH Fischbachstra\u00dfe 39 5020 Salzburg AUSTRIA juhu@lobsters.at Tel: +43&hellip; <a href=\"https:\/\/www.lobsters.at\/it\/impressum\/\" class=\"more-link\">Continue Reading<\/a><\/p>\n","protected":false},"author":4,"featured_media":0,"parent":0,"menu_order":1,"comment_status":"open","ping_status":"open","template":"","meta":{"_acf_changed":false,"footnotes":""},"class_list":["post-3611","page","type-page","status-publish","hentry","no-thumbnail"],"acf":[],"yoast_head":"<!-- This site is optimized with the Yoast SEO plugin v27.5 - https:\/\/yoast.com\/product\/yoast-seo-wordpress\/ -->\n<title>IMPRONTA - LOBSTERS<\/title>\n<meta name=\"robots\" content=\"index, follow, max-snippet:-1, max-image-preview:large, max-video-preview:-1\" \/>\n<link rel=\"canonical\" href=\"https:\/\/www.lobsters.at\/it\/impressum\/\" \/>\n<meta property=\"og:locale\" content=\"it_IT\" \/>\n<meta property=\"og:type\" content=\"article\" \/>\n<meta property=\"og:title\" content=\"IMPRONTA - LOBSTERS\" \/>\n<meta property=\"og:description\" content=\"LOBSTERS GmbH Fischbachstra\u00dfe 39 5020 Salzburg AUSTRIA juhu@lobsters.at Tel: +43&hellip; Continue Reading\" \/>\n<meta property=\"og:url\" content=\"https:\/\/www.lobsters.at\/it\/impressum\/\" \/>\n<meta property=\"og:site_name\" content=\"LOBSTERS\" \/>\n<meta property=\"article:modified_time\" content=\"2022-11-11T12:24:44+00:00\" \/>\n<meta name=\"twitter:card\" content=\"summary_large_image\" \/>\n<meta name=\"twitter:label1\" content=\"Tempo di lettura stimato\" \/>\n\t<meta name=\"twitter:data1\" content=\"1 minuto\" \/>\n<script type=\"application\/ld+json\" class=\"yoast-schema-graph\">{\"@context\":\"https:\\\/\\\/schema.org\",\"@graph\":[{\"@type\":\"WebPage\",\"@id\":\"https:\\\/\\\/www.lobsters.at\\\/it\\\/impressum\\\/\",\"url\":\"https:\\\/\\\/www.lobsters.at\\\/it\\\/impressum\\\/\",\"name\":\"IMPRONTA - LOBSTERS\",\"isPartOf\":{\"@id\":\"https:\\\/\\\/www.lobsters.at\\\/#website\"},\"datePublished\":\"2022-03-22T08:45:02+00:00\",\"dateModified\":\"2022-11-11T12:24:44+00:00\",\"breadcrumb\":{\"@id\":\"https:\\\/\\\/www.lobsters.at\\\/it\\\/impressum\\\/#breadcrumb\"},\"inLanguage\":\"it-IT\",\"potentialAction\":[{\"@type\":\"ReadAction\",\"target\":[\"https:\\\/\\\/www.lobsters.at\\\/it\\\/impressum\\\/\"]}]},{\"@type\":\"BreadcrumbList\",\"@id\":\"https:\\\/\\\/www.lobsters.at\\\/it\\\/impressum\\\/#breadcrumb\",\"itemListElement\":[{\"@type\":\"ListItem\",\"position\":1,\"name\":\"Startseite\",\"item\":\"https:\\\/\\\/www.lobsters.at\\\/\"},{\"@type\":\"ListItem\",\"position\":2,\"name\":\"IMPRONTA\"}]},{\"@type\":\"WebSite\",\"@id\":\"https:\\\/\\\/www.lobsters.at\\\/#website\",\"url\":\"https:\\\/\\\/www.lobsters.at\\\/\",\"name\":\"LOBSTERS\",\"description\":\"THE NEW GENERATION OF TASTE\",\"potentialAction\":[{\"@type\":\"SearchAction\",\"target\":{\"@type\":\"EntryPoint\",\"urlTemplate\":\"https:\\\/\\\/www.lobsters.at\\\/?s={search_term_string}\"},\"query-input\":{\"@type\":\"PropertyValueSpecification\",\"valueRequired\":true,\"valueName\":\"search_term_string\"}}],\"inLanguage\":\"it-IT\"}]}<\/script>\n<!-- \/ Yoast SEO plugin. -->","yoast_head_json":{"title":"IMPRONTA - LOBSTERS","robots":{"index":"index","follow":"follow","max-snippet":"max-snippet:-1","max-image-preview":"max-image-preview:large","max-video-preview":"max-video-preview:-1"},"canonical":"https:\/\/www.lobsters.at\/it\/impressum\/","og_locale":"it_IT","og_type":"article","og_title":"IMPRONTA - LOBSTERS","og_description":"LOBSTERS GmbH Fischbachstra\u00dfe 39 5020 Salzburg AUSTRIA juhu@lobsters.at Tel: +43&hellip; Continue Reading","og_url":"https:\/\/www.lobsters.at\/it\/impressum\/","og_site_name":"LOBSTERS","article_modified_time":"2022-11-11T12:24:44+00:00","twitter_card":"summary_large_image","twitter_misc":{"Tempo di lettura stimato":"1 minuto"},"schema":{"@context":"https:\/\/schema.org","@graph":[{"@type":"WebPage","@id":"https:\/\/www.lobsters.at\/it\/impressum\/","url":"https:\/\/www.lobsters.at\/it\/impressum\/","name":"IMPRONTA - LOBSTERS","isPartOf":{"@id":"https:\/\/www.lobsters.at\/#website"},"datePublished":"2022-03-22T08:45:02+00:00","dateModified":"2022-11-11T12:24:44+00:00","breadcrumb":{"@id":"https:\/\/www.lobsters.at\/it\/impressum\/#breadcrumb"},"inLanguage":"it-IT","potentialAction":[{"@type":"ReadAction","target":["https:\/\/www.lobsters.at\/it\/impressum\/"]}]},{"@type":"BreadcrumbList","@id":"https:\/\/www.lobsters.at\/it\/impressum\/#breadcrumb","itemListElement":[{"@type":"ListItem","position":1,"name":"Startseite","item":"https:\/\/www.lobsters.at\/"},{"@type":"ListItem","position":2,"name":"IMPRONTA"}]},{"@type":"WebSite","@id":"https:\/\/www.lobsters.at\/#website","url":"https:\/\/www.lobsters.at\/","name":"LOBSTERS","description":"THE NEW GENERATION OF TASTE","potentialAction":[{"@type":"SearchAction","target":{"@type":"EntryPoint","urlTemplate":"https:\/\/www.lobsters.at\/?s={search_term_string}"},"query-input":{"@type":"PropertyValueSpecification","valueRequired":true,"valueName":"search_term_string"}}],"inLanguage":"it-IT"}]}},"_links":{"self":[{"href":"https:\/\/www.lobsters.at\/it\/wp-json\/wp\/v2\/pages\/3611","targetHints":{"allow":["GET"]}}],"collection":[{"href":"https:\/\/www.lobsters.at\/it\/wp-json\/wp\/v2\/pages"}],"about":[{"href":"https:\/\/www.lobsters.at\/it\/wp-json\/wp\/v2\/types\/page"}],"author":[{"embeddable":true,"href":"https:\/\/www.lobsters.at\/it\/wp-json\/wp\/v2\/users\/4"}],"replies":[{"embeddable":true,"href":"https:\/\/www.lobsters.at\/it\/wp-json\/wp\/v2\/comments?post=3611"}],"version-history":[{"count":10,"href":"https:\/\/www.lobsters.at\/it\/wp-json\/wp\/v2\/pages\/3611\/revisions"}],"predecessor-version":[{"id":4298,"href":"https:\/\/www.lobsters.at\/it\/wp-json\/wp\/v2\/pages\/3611\/revisions\/4298"}],"wp:attachment":[{"href":"https:\/\/www.lobsters.at\/it\/wp-json\/wp\/v2\/media?parent=3611"}],"curies":[{"name":"wp","href":"https:\/\/api.w.org\/{rel}","templated":true}]}}