{"id":3607,"date":"2022-03-22T09:44:44","date_gmt":"2022-03-22T08:44:44","guid":{"rendered":"https:\/\/www.lobsters.at\/?page_id=3607"},"modified":"2022-11-11T12:49:22","modified_gmt":"2022-11-11T11:49:22","slug":"cosa-ce-nelle-lobsters","status":"publish","type":"page","link":"https:\/\/www.lobsters.at\/it\/cosa-ce-nelle-lobsters\/","title":{"rendered":"COSA C&#8217;\u00c8 NELLE LOBSTERS"},"content":{"rendered":"<p><strong>I nostri quattro naturali.<\/strong><\/p>\n<div>\n<p><span lang=\"EN-US\">Le bevande Lobsters sono realizzate con ingredienti naturali al 100%. Contengono acqua di sorgente austriaca e molto meno zucchero rispetto a prodotti analoghi. Di conseguenza, lasciano pi\u00f9 spazio al carattere di un liquore o un distillato e ne affinano le peculiarit\u00e0. Come agente amaricante utilizziamo il chinino, estratto dalla corteccia dell&#8217;albero cinese. Anche gli additivi come il succo di limone, il succo di lime, il succo di mela, il <\/span><a href=\"https:\/\/www.lobsters.at\/it\/semi-dargento-e-alberi-dai-capelli-femminili\/\">ginkgo<\/a> e la\u00a0<a href=\"https:\/\/www.lobsters.at\/it\/ghirlanda-di-menta-sesso-e-alcol\/\">menta <\/a>sono assolutamente naturali. Se hai intenzione di farlo, fallo! Come abbiamo detto: non facciamo le cose a met\u00e0. Le bevande Lobster sono completamente prive di ingredienti artificiali (creati in laboratorio).<br \/>\n\u00c8 una differenza che si sente. Ed \u00e8 per questo che facciamo il passo pi\u00f9 lungo della gamba.<\/p>\n<\/div>\n<p><b><span lang=\"EN-US\">Meno zucchero<\/span><\/b><strong>.<br \/>\n<\/strong><span lang=\"EN-US\">L&#8217;industria alimentare aggiunge pi\u00f9\u00a0<\/span><a href=\"https:\/\/www.lobsters.at\/it\/la-vita-non-e-tu\u2026-rose-e-zucchero\/\">zucchero<\/a>\u00a0ovunque per dare un buon sapore al consumatore. Ma: \u00e8 assurdo! Se c&#8217;\u00e8 molto zucchero, il gusto vero e proprio \u00e8 completamente sovrastato dalla dolcezza. Noi non siamo d&#8217;accordo e abbiamo ridotto lo zucchero.<br \/>\nSecondo il motto: <strong>meno zucchero &#8211; pi\u00f9 gusto!<\/strong><\/p>\n<p><a href=\"https:\/\/www.lobsters.at\/wp-content\/uploads\/2014\/11\/Headerbild400_9.jpg\"><img loading=\"lazy\" decoding=\"async\" class=\"aligncenter wp-image-183 size-full\" src=\"https:\/\/www.lobsters.at\/wp-content\/uploads\/2014\/11\/Headerbild400_9.jpg\" alt=\"Headerbild400_9\" width=\"1024\" height=\"400\" srcset=\"https:\/\/www.lobsters.at\/wp-content\/uploads\/2014\/11\/Headerbild400_9.jpg 1024w, https:\/\/www.lobsters.at\/wp-content\/uploads\/2014\/11\/Headerbild400_9-300x117.jpg 300w\" sizes=\"auto, (max-width: 1024px) 100vw, 1024px\" \/><\/a><\/p>\n","protected":false},"excerpt":{"rendered":"<p>I nostri quattro naturali. Le bevande Lobsters sono realizzate con&hellip; <a href=\"https:\/\/www.lobsters.at\/it\/cosa-ce-nelle-lobsters\/\" class=\"more-link\">Continue Reading<\/a><\/p>\n","protected":false},"author":4,"featured_media":3473,"parent":0,"menu_order":0,"comment_status":"closed","ping_status":"closed","template":"","meta":{"_acf_changed":false,"footnotes":""},"class_list":["post-3607","page","type-page","status-publish","has-post-thumbnail","hentry","has-thumbnail"],"acf":[],"yoast_head":"<!-- This site is optimized with the Yoast SEO plugin v27.4 - https:\/\/yoast.com\/product\/yoast-seo-wordpress\/ -->\n<title>COSA C&#039;\u00c8 NELLE LOBSTERS - LOBSTERS<\/title>\n<meta name=\"robots\" content=\"index, follow, max-snippet:-1, max-image-preview:large, max-video-preview:-1\" \/>\n<link rel=\"canonical\" href=\"https:\/\/www.lobsters.at\/it\/cosa-ce-nelle-lobsters\/\" \/>\n<meta property=\"og:locale\" content=\"it_IT\" \/>\n<meta property=\"og:type\" content=\"article\" \/>\n<meta property=\"og:title\" content=\"COSA C&#039;\u00c8 NELLE LOBSTERS - LOBSTERS\" \/>\n<meta property=\"og:description\" content=\"I nostri quattro naturali. Le bevande Lobsters sono realizzate con&hellip; Continue Reading\" \/>\n<meta property=\"og:url\" content=\"https:\/\/www.lobsters.at\/it\/cosa-ce-nelle-lobsters\/\" \/>\n<meta property=\"og:site_name\" content=\"LOBSTERS\" \/>\n<meta property=\"article:modified_time\" content=\"2022-11-11T11:49:22+00:00\" \/>\n<meta property=\"og:image\" content=\"https:\/\/www.lobsters.at\/wp-content\/uploads\/2014\/11\/Headerbild400_5.jpg\" \/>\n\t<meta property=\"og:image:width\" content=\"1024\" \/>\n\t<meta property=\"og:image:height\" content=\"400\" \/>\n\t<meta property=\"og:image:type\" content=\"image\/jpeg\" \/>\n<meta name=\"twitter:card\" content=\"summary_large_image\" \/>\n<meta name=\"twitter:label1\" content=\"Tempo di lettura stimato\" \/>\n\t<meta name=\"twitter:data1\" content=\"2 minuti\" \/>\n<script type=\"application\/ld+json\" class=\"yoast-schema-graph\">{\"@context\":\"https:\\\/\\\/schema.org\",\"@graph\":[{\"@type\":\"WebPage\",\"@id\":\"https:\\\/\\\/www.lobsters.at\\\/it\\\/cosa-ce-nelle-lobsters\\\/\",\"url\":\"https:\\\/\\\/www.lobsters.at\\\/it\\\/cosa-ce-nelle-lobsters\\\/\",\"name\":\"COSA C'\u00c8 NELLE LOBSTERS - LOBSTERS\",\"isPartOf\":{\"@id\":\"https:\\\/\\\/www.lobsters.at\\\/#website\"},\"primaryImageOfPage\":{\"@id\":\"https:\\\/\\\/www.lobsters.at\\\/it\\\/cosa-ce-nelle-lobsters\\\/#primaryimage\"},\"image\":{\"@id\":\"https:\\\/\\\/www.lobsters.at\\\/it\\\/cosa-ce-nelle-lobsters\\\/#primaryimage\"},\"thumbnailUrl\":\"https:\\\/\\\/www.lobsters.at\\\/wp-content\\\/uploads\\\/2014\\\/11\\\/Headerbild400_5.jpg\",\"datePublished\":\"2022-03-22T08:44:44+00:00\",\"dateModified\":\"2022-11-11T11:49:22+00:00\",\"breadcrumb\":{\"@id\":\"https:\\\/\\\/www.lobsters.at\\\/it\\\/cosa-ce-nelle-lobsters\\\/#breadcrumb\"},\"inLanguage\":\"it-IT\",\"potentialAction\":[{\"@type\":\"ReadAction\",\"target\":[\"https:\\\/\\\/www.lobsters.at\\\/it\\\/cosa-ce-nelle-lobsters\\\/\"]}]},{\"@type\":\"ImageObject\",\"inLanguage\":\"it-IT\",\"@id\":\"https:\\\/\\\/www.lobsters.at\\\/it\\\/cosa-ce-nelle-lobsters\\\/#primaryimage\",\"url\":\"https:\\\/\\\/www.lobsters.at\\\/wp-content\\\/uploads\\\/2014\\\/11\\\/Headerbild400_5.jpg\",\"contentUrl\":\"https:\\\/\\\/www.lobsters.at\\\/wp-content\\\/uploads\\\/2014\\\/11\\\/Headerbild400_5.jpg\",\"width\":1024,\"height\":400},{\"@type\":\"BreadcrumbList\",\"@id\":\"https:\\\/\\\/www.lobsters.at\\\/it\\\/cosa-ce-nelle-lobsters\\\/#breadcrumb\",\"itemListElement\":[{\"@type\":\"ListItem\",\"position\":1,\"name\":\"Startseite\",\"item\":\"https:\\\/\\\/www.lobsters.at\\\/\"},{\"@type\":\"ListItem\",\"position\":2,\"name\":\"COSA C&#8217;\u00c8 NELLE LOBSTERS\"}]},{\"@type\":\"WebSite\",\"@id\":\"https:\\\/\\\/www.lobsters.at\\\/#website\",\"url\":\"https:\\\/\\\/www.lobsters.at\\\/\",\"name\":\"LOBSTERS\",\"description\":\"THE NEW GENERATION OF TASTE\",\"potentialAction\":[{\"@type\":\"SearchAction\",\"target\":{\"@type\":\"EntryPoint\",\"urlTemplate\":\"https:\\\/\\\/www.lobsters.at\\\/?s={search_term_string}\"},\"query-input\":{\"@type\":\"PropertyValueSpecification\",\"valueRequired\":true,\"valueName\":\"search_term_string\"}}],\"inLanguage\":\"it-IT\"}]}<\/script>\n<!-- \/ Yoast SEO plugin. -->","yoast_head_json":{"title":"COSA C'\u00c8 NELLE LOBSTERS - LOBSTERS","robots":{"index":"index","follow":"follow","max-snippet":"max-snippet:-1","max-image-preview":"max-image-preview:large","max-video-preview":"max-video-preview:-1"},"canonical":"https:\/\/www.lobsters.at\/it\/cosa-ce-nelle-lobsters\/","og_locale":"it_IT","og_type":"article","og_title":"COSA C'\u00c8 NELLE LOBSTERS - LOBSTERS","og_description":"I nostri quattro naturali. Le bevande Lobsters sono realizzate con&hellip; Continue Reading","og_url":"https:\/\/www.lobsters.at\/it\/cosa-ce-nelle-lobsters\/","og_site_name":"LOBSTERS","article_modified_time":"2022-11-11T11:49:22+00:00","og_image":[{"width":1024,"height":400,"url":"https:\/\/www.lobsters.at\/wp-content\/uploads\/2014\/11\/Headerbild400_5.jpg","type":"image\/jpeg"}],"twitter_card":"summary_large_image","twitter_misc":{"Tempo di lettura stimato":"2 minuti"},"schema":{"@context":"https:\/\/schema.org","@graph":[{"@type":"WebPage","@id":"https:\/\/www.lobsters.at\/it\/cosa-ce-nelle-lobsters\/","url":"https:\/\/www.lobsters.at\/it\/cosa-ce-nelle-lobsters\/","name":"COSA C'\u00c8 NELLE LOBSTERS - LOBSTERS","isPartOf":{"@id":"https:\/\/www.lobsters.at\/#website"},"primaryImageOfPage":{"@id":"https:\/\/www.lobsters.at\/it\/cosa-ce-nelle-lobsters\/#primaryimage"},"image":{"@id":"https:\/\/www.lobsters.at\/it\/cosa-ce-nelle-lobsters\/#primaryimage"},"thumbnailUrl":"https:\/\/www.lobsters.at\/wp-content\/uploads\/2014\/11\/Headerbild400_5.jpg","datePublished":"2022-03-22T08:44:44+00:00","dateModified":"2022-11-11T11:49:22+00:00","breadcrumb":{"@id":"https:\/\/www.lobsters.at\/it\/cosa-ce-nelle-lobsters\/#breadcrumb"},"inLanguage":"it-IT","potentialAction":[{"@type":"ReadAction","target":["https:\/\/www.lobsters.at\/it\/cosa-ce-nelle-lobsters\/"]}]},{"@type":"ImageObject","inLanguage":"it-IT","@id":"https:\/\/www.lobsters.at\/it\/cosa-ce-nelle-lobsters\/#primaryimage","url":"https:\/\/www.lobsters.at\/wp-content\/uploads\/2014\/11\/Headerbild400_5.jpg","contentUrl":"https:\/\/www.lobsters.at\/wp-content\/uploads\/2014\/11\/Headerbild400_5.jpg","width":1024,"height":400},{"@type":"BreadcrumbList","@id":"https:\/\/www.lobsters.at\/it\/cosa-ce-nelle-lobsters\/#breadcrumb","itemListElement":[{"@type":"ListItem","position":1,"name":"Startseite","item":"https:\/\/www.lobsters.at\/"},{"@type":"ListItem","position":2,"name":"COSA C&#8217;\u00c8 NELLE LOBSTERS"}]},{"@type":"WebSite","@id":"https:\/\/www.lobsters.at\/#website","url":"https:\/\/www.lobsters.at\/","name":"LOBSTERS","description":"THE NEW GENERATION OF TASTE","potentialAction":[{"@type":"SearchAction","target":{"@type":"EntryPoint","urlTemplate":"https:\/\/www.lobsters.at\/?s={search_term_string}"},"query-input":{"@type":"PropertyValueSpecification","valueRequired":true,"valueName":"search_term_string"}}],"inLanguage":"it-IT"}]}},"_links":{"self":[{"href":"https:\/\/www.lobsters.at\/it\/wp-json\/wp\/v2\/pages\/3607","targetHints":{"allow":["GET"]}}],"collection":[{"href":"https:\/\/www.lobsters.at\/it\/wp-json\/wp\/v2\/pages"}],"about":[{"href":"https:\/\/www.lobsters.at\/it\/wp-json\/wp\/v2\/types\/page"}],"author":[{"embeddable":true,"href":"https:\/\/www.lobsters.at\/it\/wp-json\/wp\/v2\/users\/4"}],"replies":[{"embeddable":true,"href":"https:\/\/www.lobsters.at\/it\/wp-json\/wp\/v2\/comments?post=3607"}],"version-history":[{"count":11,"href":"https:\/\/www.lobsters.at\/it\/wp-json\/wp\/v2\/pages\/3607\/revisions"}],"predecessor-version":[{"id":4278,"href":"https:\/\/www.lobsters.at\/it\/wp-json\/wp\/v2\/pages\/3607\/revisions\/4278"}],"wp:featuredmedia":[{"embeddable":true,"href":"https:\/\/www.lobsters.at\/it\/wp-json\/wp\/v2\/media\/3473"}],"wp:attachment":[{"href":"https:\/\/www.lobsters.at\/it\/wp-json\/wp\/v2\/media?parent=3607"}],"curies":[{"name":"wp","href":"https:\/\/api.w.org\/{rel}","templated":true}]}}