{"id":3605,"date":"2022-03-22T09:44:33","date_gmt":"2022-03-22T08:44:33","guid":{"rendered":"https:\/\/www.lobsters.at\/?page_id=3605"},"modified":"2022-11-11T08:15:01","modified_gmt":"2022-11-11T07:15:01","slug":"warum-es-lobsters-gibt","status":"publish","type":"page","link":"https:\/\/www.lobsters.at\/it\/warum-es-lobsters-gibt\/","title":{"rendered":"PERCH\u00c9 LOBSTERS ESISTE"},"content":{"rendered":"<p><strong><a href=\"https:\/\/www.lobsters.at\/wp-content\/uploads\/2019\/04\/Siegel-MIA-Lobsters.jpg\"><img loading=\"lazy\" decoding=\"async\" class=\"wp-image-1739 size-medium alignright\" src=\"https:\/\/www.lobsters.at\/wp-content\/uploads\/2019\/04\/Siegel-MIA-Lobsters-300x300.jpg\" alt=\"\" width=\"300\" height=\"300\" data-wp-editing=\"1\" srcset=\"https:\/\/www.lobsters.at\/wp-content\/uploads\/2019\/04\/Siegel-MIA-Lobsters-300x300.jpg 300w, https:\/\/www.lobsters.at\/wp-content\/uploads\/2019\/04\/Siegel-MIA-Lobsters-150x150.jpg 150w, https:\/\/www.lobsters.at\/wp-content\/uploads\/2019\/04\/Siegel-MIA-Lobsters.jpg 631w\" sizes=\"auto, (max-width: 300px) 100vw, 300px\" \/><\/a><\/strong><b><span lang=\"EN-US\">Diversamente dal solito<\/span><\/b><strong>.<\/strong><br \/>\n<span lang=\"EN-US\">Lobsters Drinks pu\u00f2 sembrare internazionale, ma \u00e8<\/span>\u00a0<a href=\"https:\/\/www.lobsters.at\/it\/we-are-from-austria\/\">prodotto in Austria.<\/a><br \/>\nDietro\u00a0<span lang=\"EN-US\">c&#8217;\u00e8 un&#8217;azienda di Salisburgo che ha\u00a0<\/span>fatto della produzione\u00a0<span lang=\"EN-US\">di prodotti<br \/>\nnaturali la sua missione &#8211;\u00a0<\/span><span lang=\"EN-US\">per creare bevande analcoliche naturali con una nota amara molto speciale.<\/span><\/p>\n<p>Alcuni si chiedono: non \u00e8 gi\u00e0 disponibile?\u00a0No, non cos\u00ec.\u00a0Con vero succo di frutta.<br \/>\nSenza ingredienti artificiali. Le Lobsters Drinks sono una sorprendente<br \/>\nalternativa alle convenzionali bevande amare,\u00a0nonch\u00e9 alle bevande analcoliche dolci. Possono essere gustate da sole o usate per completare i classici long drink. Dal momento che le bevande di Lobsters contengono poco zucchero, lasciano pi\u00f9 spazio al carattere di un alcolico perfezionando le sue caratteristiche. Le Lobsters sono per tutti quelli che osano essere diversi. E che poi pensano tra s\u00e9 e s\u00e9: Finalmente, ecco!<\/p>\n<h2><strong>BEVI DI PI\u00d9 DI CI\u00d2 CHE TI RENDE FELICE<\/strong><\/h2>\n<p><img loading=\"lazy\" decoding=\"async\" class=\"alignnone size-full wp-image-178\" src=\"https:\/\/staging.co.at\/lobsters\/wp-content\/uploads\/2014\/11\/Headerbild400_4.jpg\" alt=\"Headerbild400_4\" width=\"1024\" height=\"400\" srcset=\"https:\/\/www.lobsters.at\/wp-content\/uploads\/2014\/11\/Headerbild400_4.jpg 1024w, https:\/\/www.lobsters.at\/wp-content\/uploads\/2014\/11\/Headerbild400_4-300x117.jpg 300w\" sizes=\"auto, (max-width: 1024px) 100vw, 1024px\" \/><\/p>\n<div><b><span lang=\"EN-US\">La vita \u00e8 adesso<\/span><\/b><strong>.<\/strong><\/div>\n<div>\n<p><span lang=\"EN-US\">Quindi non stressarti! Prenditi il tempo di sentire, il tempo per godere, il<\/span>, <a href=\"https:\/\/www.lobsters.at\/it\/giochi-di-lingua-lobsters\/\">tempo da gustare<\/a>.<\/p>\n<p style=\"font-weight: 400;\">Esplora nuove strade, assapora tutto. E: non fare le cose a met\u00e0. Neanche noi lo facciamo! Perch\u00e9 mentre prima si doveva scegliere tra un succo di frutta o una bevanda amara, ora ci sono le bevande Lobsters che combinano entrambi.Inoltre, sono prodotti con ingredienti naturali al 100% e a ridotto contenuto di zucchero, in linea con il nostro motto: <strong>meno zucchero &#8211; pi\u00f9 gusto!<\/strong> Le note bevande amare Tonic Water, Bitter Lemon e Ginger Ale, nonch\u00e9 la nuova arrivata Lemon Mint, sono ora amare e fruttate.<\/p>\n<\/div>\n<div><b>Perch\u00e9<\/b><strong>?<\/strong><br \/>\n\u2605 le rende pi\u00f9 rinfrescanti e dissetanti<br \/>\n\u2605 il sapore \u00e8 dannatamente buono<br \/>\n\u2605 hanno un gusto pi\u00f9 delicato e rotondo, quindi se ne possono bere di pi\u00f9<br \/>\n\u2605 aggiungono qualcosa di speciale ai classici mixed drink come il Gin Tonic<\/div>\n<div><\/div>\n<div><\/div>\n<p><strong>Quindi s\u00ec, la vita \u00e8 adesso. A volte bisogna cercare qualcosa per molto tempo. Tanto meglio quando finalmente lo si trova e lo si pu\u00f2 gustare.<\/strong><\/p>\n","protected":false},"excerpt":{"rendered":"<p>Diversamente dal solito. Lobsters Drinks pu\u00f2 sembrare internazionale, ma \u00e8\u00a0prodotto&hellip; <a href=\"https:\/\/www.lobsters.at\/it\/warum-es-lobsters-gibt\/\" class=\"more-link\">Continue Reading<\/a><\/p>\n","protected":false},"author":4,"featured_media":3475,"parent":0,"menu_order":0,"comment_status":"closed","ping_status":"closed","template":"","meta":{"_acf_changed":false,"footnotes":""},"class_list":["post-3605","page","type-page","status-publish","has-post-thumbnail","hentry","has-thumbnail"],"acf":[],"yoast_head":"<!-- This site is optimized with the Yoast SEO plugin v27.5 - https:\/\/yoast.com\/product\/yoast-seo-wordpress\/ -->\n<title>PERCH\u00c9 LOBSTERS ESISTE - LOBSTERS<\/title>\n<meta name=\"robots\" content=\"index, follow, max-snippet:-1, max-image-preview:large, max-video-preview:-1\" \/>\n<link rel=\"canonical\" href=\"https:\/\/www.lobsters.at\/it\/warum-es-lobsters-gibt\/\" \/>\n<meta property=\"og:locale\" content=\"it_IT\" \/>\n<meta property=\"og:type\" content=\"article\" \/>\n<meta property=\"og:title\" content=\"PERCH\u00c9 LOBSTERS ESISTE - LOBSTERS\" \/>\n<meta property=\"og:description\" content=\"Diversamente dal solito. Lobsters Drinks pu\u00f2 sembrare internazionale, ma \u00e8\u00a0prodotto&hellip; Continue Reading\" \/>\n<meta property=\"og:url\" content=\"https:\/\/www.lobsters.at\/it\/warum-es-lobsters-gibt\/\" \/>\n<meta property=\"og:site_name\" content=\"LOBSTERS\" \/>\n<meta property=\"article:modified_time\" content=\"2022-11-11T07:15:01+00:00\" \/>\n<meta property=\"og:image\" content=\"https:\/\/www.lobsters.at\/wp-content\/uploads\/2014\/11\/Headerbild400_7.jpg\" \/>\n\t<meta property=\"og:image:width\" content=\"1024\" \/>\n\t<meta property=\"og:image:height\" content=\"400\" \/>\n\t<meta property=\"og:image:type\" content=\"image\/jpeg\" \/>\n<meta name=\"twitter:card\" content=\"summary_large_image\" \/>\n<meta name=\"twitter:label1\" content=\"Tempo di lettura stimato\" \/>\n\t<meta name=\"twitter:data1\" content=\"3 minuti\" \/>\n<script type=\"application\/ld+json\" class=\"yoast-schema-graph\">{\"@context\":\"https:\\\/\\\/schema.org\",\"@graph\":[{\"@type\":\"WebPage\",\"@id\":\"https:\\\/\\\/www.lobsters.at\\\/it\\\/warum-es-lobsters-gibt\\\/\",\"url\":\"https:\\\/\\\/www.lobsters.at\\\/it\\\/warum-es-lobsters-gibt\\\/\",\"name\":\"PERCH\u00c9 LOBSTERS ESISTE - LOBSTERS\",\"isPartOf\":{\"@id\":\"https:\\\/\\\/www.lobsters.at\\\/#website\"},\"primaryImageOfPage\":{\"@id\":\"https:\\\/\\\/www.lobsters.at\\\/it\\\/warum-es-lobsters-gibt\\\/#primaryimage\"},\"image\":{\"@id\":\"https:\\\/\\\/www.lobsters.at\\\/it\\\/warum-es-lobsters-gibt\\\/#primaryimage\"},\"thumbnailUrl\":\"https:\\\/\\\/www.lobsters.at\\\/wp-content\\\/uploads\\\/2014\\\/11\\\/Headerbild400_7.jpg\",\"datePublished\":\"2022-03-22T08:44:33+00:00\",\"dateModified\":\"2022-11-11T07:15:01+00:00\",\"breadcrumb\":{\"@id\":\"https:\\\/\\\/www.lobsters.at\\\/it\\\/warum-es-lobsters-gibt\\\/#breadcrumb\"},\"inLanguage\":\"it-IT\",\"potentialAction\":[{\"@type\":\"ReadAction\",\"target\":[\"https:\\\/\\\/www.lobsters.at\\\/it\\\/warum-es-lobsters-gibt\\\/\"]}]},{\"@type\":\"ImageObject\",\"inLanguage\":\"it-IT\",\"@id\":\"https:\\\/\\\/www.lobsters.at\\\/it\\\/warum-es-lobsters-gibt\\\/#primaryimage\",\"url\":\"https:\\\/\\\/www.lobsters.at\\\/wp-content\\\/uploads\\\/2014\\\/11\\\/Headerbild400_7.jpg\",\"contentUrl\":\"https:\\\/\\\/www.lobsters.at\\\/wp-content\\\/uploads\\\/2014\\\/11\\\/Headerbild400_7.jpg\",\"width\":1024,\"height\":400},{\"@type\":\"BreadcrumbList\",\"@id\":\"https:\\\/\\\/www.lobsters.at\\\/it\\\/warum-es-lobsters-gibt\\\/#breadcrumb\",\"itemListElement\":[{\"@type\":\"ListItem\",\"position\":1,\"name\":\"Startseite\",\"item\":\"https:\\\/\\\/www.lobsters.at\\\/\"},{\"@type\":\"ListItem\",\"position\":2,\"name\":\"PERCH\u00c9 LOBSTERS ESISTE\"}]},{\"@type\":\"WebSite\",\"@id\":\"https:\\\/\\\/www.lobsters.at\\\/#website\",\"url\":\"https:\\\/\\\/www.lobsters.at\\\/\",\"name\":\"LOBSTERS\",\"description\":\"THE NEW GENERATION OF TASTE\",\"potentialAction\":[{\"@type\":\"SearchAction\",\"target\":{\"@type\":\"EntryPoint\",\"urlTemplate\":\"https:\\\/\\\/www.lobsters.at\\\/?s={search_term_string}\"},\"query-input\":{\"@type\":\"PropertyValueSpecification\",\"valueRequired\":true,\"valueName\":\"search_term_string\"}}],\"inLanguage\":\"it-IT\"}]}<\/script>\n<!-- \/ Yoast SEO plugin. -->","yoast_head_json":{"title":"PERCH\u00c9 LOBSTERS ESISTE - LOBSTERS","robots":{"index":"index","follow":"follow","max-snippet":"max-snippet:-1","max-image-preview":"max-image-preview:large","max-video-preview":"max-video-preview:-1"},"canonical":"https:\/\/www.lobsters.at\/it\/warum-es-lobsters-gibt\/","og_locale":"it_IT","og_type":"article","og_title":"PERCH\u00c9 LOBSTERS ESISTE - LOBSTERS","og_description":"Diversamente dal solito. Lobsters Drinks pu\u00f2 sembrare internazionale, ma \u00e8\u00a0prodotto&hellip; Continue Reading","og_url":"https:\/\/www.lobsters.at\/it\/warum-es-lobsters-gibt\/","og_site_name":"LOBSTERS","article_modified_time":"2022-11-11T07:15:01+00:00","og_image":[{"width":1024,"height":400,"url":"https:\/\/www.lobsters.at\/wp-content\/uploads\/2014\/11\/Headerbild400_7.jpg","type":"image\/jpeg"}],"twitter_card":"summary_large_image","twitter_misc":{"Tempo di lettura stimato":"3 minuti"},"schema":{"@context":"https:\/\/schema.org","@graph":[{"@type":"WebPage","@id":"https:\/\/www.lobsters.at\/it\/warum-es-lobsters-gibt\/","url":"https:\/\/www.lobsters.at\/it\/warum-es-lobsters-gibt\/","name":"PERCH\u00c9 LOBSTERS ESISTE - LOBSTERS","isPartOf":{"@id":"https:\/\/www.lobsters.at\/#website"},"primaryImageOfPage":{"@id":"https:\/\/www.lobsters.at\/it\/warum-es-lobsters-gibt\/#primaryimage"},"image":{"@id":"https:\/\/www.lobsters.at\/it\/warum-es-lobsters-gibt\/#primaryimage"},"thumbnailUrl":"https:\/\/www.lobsters.at\/wp-content\/uploads\/2014\/11\/Headerbild400_7.jpg","datePublished":"2022-03-22T08:44:33+00:00","dateModified":"2022-11-11T07:15:01+00:00","breadcrumb":{"@id":"https:\/\/www.lobsters.at\/it\/warum-es-lobsters-gibt\/#breadcrumb"},"inLanguage":"it-IT","potentialAction":[{"@type":"ReadAction","target":["https:\/\/www.lobsters.at\/it\/warum-es-lobsters-gibt\/"]}]},{"@type":"ImageObject","inLanguage":"it-IT","@id":"https:\/\/www.lobsters.at\/it\/warum-es-lobsters-gibt\/#primaryimage","url":"https:\/\/www.lobsters.at\/wp-content\/uploads\/2014\/11\/Headerbild400_7.jpg","contentUrl":"https:\/\/www.lobsters.at\/wp-content\/uploads\/2014\/11\/Headerbild400_7.jpg","width":1024,"height":400},{"@type":"BreadcrumbList","@id":"https:\/\/www.lobsters.at\/it\/warum-es-lobsters-gibt\/#breadcrumb","itemListElement":[{"@type":"ListItem","position":1,"name":"Startseite","item":"https:\/\/www.lobsters.at\/"},{"@type":"ListItem","position":2,"name":"PERCH\u00c9 LOBSTERS ESISTE"}]},{"@type":"WebSite","@id":"https:\/\/www.lobsters.at\/#website","url":"https:\/\/www.lobsters.at\/","name":"LOBSTERS","description":"THE NEW GENERATION OF TASTE","potentialAction":[{"@type":"SearchAction","target":{"@type":"EntryPoint","urlTemplate":"https:\/\/www.lobsters.at\/?s={search_term_string}"},"query-input":{"@type":"PropertyValueSpecification","valueRequired":true,"valueName":"search_term_string"}}],"inLanguage":"it-IT"}]}},"_links":{"self":[{"href":"https:\/\/www.lobsters.at\/it\/wp-json\/wp\/v2\/pages\/3605","targetHints":{"allow":["GET"]}}],"collection":[{"href":"https:\/\/www.lobsters.at\/it\/wp-json\/wp\/v2\/pages"}],"about":[{"href":"https:\/\/www.lobsters.at\/it\/wp-json\/wp\/v2\/types\/page"}],"author":[{"embeddable":true,"href":"https:\/\/www.lobsters.at\/it\/wp-json\/wp\/v2\/users\/4"}],"replies":[{"embeddable":true,"href":"https:\/\/www.lobsters.at\/it\/wp-json\/wp\/v2\/comments?post=3605"}],"version-history":[{"count":17,"href":"https:\/\/www.lobsters.at\/it\/wp-json\/wp\/v2\/pages\/3605\/revisions"}],"predecessor-version":[{"id":4261,"href":"https:\/\/www.lobsters.at\/it\/wp-json\/wp\/v2\/pages\/3605\/revisions\/4261"}],"wp:featuredmedia":[{"embeddable":true,"href":"https:\/\/www.lobsters.at\/it\/wp-json\/wp\/v2\/media\/3475"}],"wp:attachment":[{"href":"https:\/\/www.lobsters.at\/it\/wp-json\/wp\/v2\/media?parent=3605"}],"curies":[{"name":"wp","href":"https:\/\/api.w.org\/{rel}","templated":true}]}}