{"id":3549,"date":"2022-03-22T09:40:35","date_gmt":"2022-03-22T08:40:35","guid":{"rendered":"https:\/\/www.lobsters.at\/?page_id=3549"},"modified":"2022-11-17T10:58:14","modified_gmt":"2022-11-17T09:58:14","slug":"pimp-your-drinks","status":"publish","type":"page","link":"https:\/\/www.lobsters.at\/it\/pimp-your-drinks\/","title":{"rendered":"Pimp your drinks!"},"content":{"rendered":"<p><span lang=\"EN-US\">Con Lobsters Acqua tonica, Bitter Lemon, Ginger Ale e il nuovo arrivato\u00a0<\/span><a href=\"https:\/\/www.lobsters.at\/it\/lemon-mint\/\">Lemon Mint<\/a> <span lang=\"EN-US\">puoi far rivivere grandiosi classici che godono di grande popolarit\u00e0. E il sapore sar\u00e0 molto pi\u00f9 buono di quello a cui sei abituato. Perch\u00e9 utilizziamo ingredienti selezionati e naturali, veri succhi di frutta e nessun additivo.\u00a0<\/span><span lang=\"EN-US\">Poich\u00e9\u00a0<\/span><a href=\"https:\/\/www.lobsters.at\/it\/le-quattro-lobsters\/\">le quattro Lobsters<\/a> <span lang=\"EN-US\">contengono meno zucchero, trasformano le bevande analcoliche in bibite rinfrescanti. In aggiunta agli alcolici per deliziosi long drink, conservano il carattere del distillato o del liquore. Fedeli al nostro motto: <b>meno zucchero &#8211; pi\u00f9 gusto!<\/b><\/span><\/p>\n<p>Le bibite Lobsters elencate qui sono una guida per i barman e per la casa. Qui ti mostriamo come mescolare e servire i nostri quattro prodotti naturali: Esistono sia ricette di cocktail analcolici (chiamati anche mocktail) sia varianti con alcol. Tutti garantiscono un&#8217;esperienza rinfrescante unica per il palato grazie al sapore fruttato delle Lobsters. Quasi: \u201ewooow liquido\u201d.<\/p>\n","protected":false},"excerpt":{"rendered":"<p>Con Lobsters Acqua tonica, Bitter Lemon, Ginger Ale e il&hellip; <a href=\"https:\/\/www.lobsters.at\/it\/pimp-your-drinks\/\" class=\"more-link\">Continue Reading<\/a><\/p>\n","protected":false},"author":4,"featured_media":3556,"parent":0,"menu_order":0,"comment_status":"closed","ping_status":"open","template":"templates\/rezeptuebersicht.php","meta":{"_acf_changed":false,"footnotes":""},"class_list":["post-3549","page","type-page","status-publish","has-post-thumbnail","hentry","has-thumbnail"],"acf":[],"yoast_head":"<!-- This site is optimized with the Yoast SEO plugin v27.4 - https:\/\/yoast.com\/product\/yoast-seo-wordpress\/ -->\n<title>Pimp your drinks! - LOBSTERS<\/title>\n<meta name=\"robots\" content=\"index, follow, max-snippet:-1, max-image-preview:large, max-video-preview:-1\" \/>\n<link rel=\"canonical\" href=\"https:\/\/www.lobsters.at\/it\/pimp-your-drinks\/\" \/>\n<meta property=\"og:locale\" content=\"it_IT\" \/>\n<meta property=\"og:type\" content=\"article\" \/>\n<meta property=\"og:title\" content=\"Pimp your drinks! - LOBSTERS\" \/>\n<meta property=\"og:description\" content=\"Con Lobsters Acqua tonica, Bitter Lemon, Ginger Ale e il&hellip; Continue Reading\" \/>\n<meta property=\"og:url\" content=\"https:\/\/www.lobsters.at\/it\/pimp-your-drinks\/\" \/>\n<meta property=\"og:site_name\" content=\"LOBSTERS\" \/>\n<meta property=\"article:modified_time\" content=\"2022-11-17T09:58:14+00:00\" \/>\n<meta property=\"og:image\" content=\"https:\/\/www.lobsters.at\/wp-content\/uploads\/2017\/01\/drink_barkeeper_1140x400.jpg\" \/>\n\t<meta property=\"og:image:width\" content=\"774\" \/>\n\t<meta property=\"og:image:height\" content=\"271\" \/>\n\t<meta property=\"og:image:type\" content=\"image\/jpeg\" \/>\n<meta name=\"twitter:card\" content=\"summary_large_image\" \/>\n<meta name=\"twitter:label1\" content=\"Tempo di lettura stimato\" \/>\n\t<meta name=\"twitter:data1\" content=\"1 minuto\" \/>\n<script type=\"application\/ld+json\" class=\"yoast-schema-graph\">{\"@context\":\"https:\\\/\\\/schema.org\",\"@graph\":[{\"@type\":\"WebPage\",\"@id\":\"https:\\\/\\\/www.lobsters.at\\\/it\\\/pimp-your-drinks\\\/\",\"url\":\"https:\\\/\\\/www.lobsters.at\\\/it\\\/pimp-your-drinks\\\/\",\"name\":\"Pimp your drinks! - LOBSTERS\",\"isPartOf\":{\"@id\":\"https:\\\/\\\/www.lobsters.at\\\/#website\"},\"primaryImageOfPage\":{\"@id\":\"https:\\\/\\\/www.lobsters.at\\\/it\\\/pimp-your-drinks\\\/#primaryimage\"},\"image\":{\"@id\":\"https:\\\/\\\/www.lobsters.at\\\/it\\\/pimp-your-drinks\\\/#primaryimage\"},\"thumbnailUrl\":\"https:\\\/\\\/www.lobsters.at\\\/wp-content\\\/uploads\\\/2017\\\/01\\\/drink_barkeeper_1140x400.jpg\",\"datePublished\":\"2022-03-22T08:40:35+00:00\",\"dateModified\":\"2022-11-17T09:58:14+00:00\",\"breadcrumb\":{\"@id\":\"https:\\\/\\\/www.lobsters.at\\\/it\\\/pimp-your-drinks\\\/#breadcrumb\"},\"inLanguage\":\"it-IT\",\"potentialAction\":[{\"@type\":\"ReadAction\",\"target\":[\"https:\\\/\\\/www.lobsters.at\\\/it\\\/pimp-your-drinks\\\/\"]}]},{\"@type\":\"ImageObject\",\"inLanguage\":\"it-IT\",\"@id\":\"https:\\\/\\\/www.lobsters.at\\\/it\\\/pimp-your-drinks\\\/#primaryimage\",\"url\":\"https:\\\/\\\/www.lobsters.at\\\/wp-content\\\/uploads\\\/2017\\\/01\\\/drink_barkeeper_1140x400.jpg\",\"contentUrl\":\"https:\\\/\\\/www.lobsters.at\\\/wp-content\\\/uploads\\\/2017\\\/01\\\/drink_barkeeper_1140x400.jpg\",\"width\":774,\"height\":271},{\"@type\":\"BreadcrumbList\",\"@id\":\"https:\\\/\\\/www.lobsters.at\\\/it\\\/pimp-your-drinks\\\/#breadcrumb\",\"itemListElement\":[{\"@type\":\"ListItem\",\"position\":1,\"name\":\"Startseite\",\"item\":\"https:\\\/\\\/www.lobsters.at\\\/\"},{\"@type\":\"ListItem\",\"position\":2,\"name\":\"Pimp your drinks!\"}]},{\"@type\":\"WebSite\",\"@id\":\"https:\\\/\\\/www.lobsters.at\\\/#website\",\"url\":\"https:\\\/\\\/www.lobsters.at\\\/\",\"name\":\"LOBSTERS\",\"description\":\"THE NEW GENERATION OF TASTE\",\"potentialAction\":[{\"@type\":\"SearchAction\",\"target\":{\"@type\":\"EntryPoint\",\"urlTemplate\":\"https:\\\/\\\/www.lobsters.at\\\/?s={search_term_string}\"},\"query-input\":{\"@type\":\"PropertyValueSpecification\",\"valueRequired\":true,\"valueName\":\"search_term_string\"}}],\"inLanguage\":\"it-IT\"}]}<\/script>\n<!-- \/ Yoast SEO plugin. -->","yoast_head_json":{"title":"Pimp your drinks! - LOBSTERS","robots":{"index":"index","follow":"follow","max-snippet":"max-snippet:-1","max-image-preview":"max-image-preview:large","max-video-preview":"max-video-preview:-1"},"canonical":"https:\/\/www.lobsters.at\/it\/pimp-your-drinks\/","og_locale":"it_IT","og_type":"article","og_title":"Pimp your drinks! - LOBSTERS","og_description":"Con Lobsters Acqua tonica, Bitter Lemon, Ginger Ale e il&hellip; Continue Reading","og_url":"https:\/\/www.lobsters.at\/it\/pimp-your-drinks\/","og_site_name":"LOBSTERS","article_modified_time":"2022-11-17T09:58:14+00:00","og_image":[{"width":774,"height":271,"url":"https:\/\/www.lobsters.at\/wp-content\/uploads\/2017\/01\/drink_barkeeper_1140x400.jpg","type":"image\/jpeg"}],"twitter_card":"summary_large_image","twitter_misc":{"Tempo di lettura stimato":"1 minuto"},"schema":{"@context":"https:\/\/schema.org","@graph":[{"@type":"WebPage","@id":"https:\/\/www.lobsters.at\/it\/pimp-your-drinks\/","url":"https:\/\/www.lobsters.at\/it\/pimp-your-drinks\/","name":"Pimp your drinks! - LOBSTERS","isPartOf":{"@id":"https:\/\/www.lobsters.at\/#website"},"primaryImageOfPage":{"@id":"https:\/\/www.lobsters.at\/it\/pimp-your-drinks\/#primaryimage"},"image":{"@id":"https:\/\/www.lobsters.at\/it\/pimp-your-drinks\/#primaryimage"},"thumbnailUrl":"https:\/\/www.lobsters.at\/wp-content\/uploads\/2017\/01\/drink_barkeeper_1140x400.jpg","datePublished":"2022-03-22T08:40:35+00:00","dateModified":"2022-11-17T09:58:14+00:00","breadcrumb":{"@id":"https:\/\/www.lobsters.at\/it\/pimp-your-drinks\/#breadcrumb"},"inLanguage":"it-IT","potentialAction":[{"@type":"ReadAction","target":["https:\/\/www.lobsters.at\/it\/pimp-your-drinks\/"]}]},{"@type":"ImageObject","inLanguage":"it-IT","@id":"https:\/\/www.lobsters.at\/it\/pimp-your-drinks\/#primaryimage","url":"https:\/\/www.lobsters.at\/wp-content\/uploads\/2017\/01\/drink_barkeeper_1140x400.jpg","contentUrl":"https:\/\/www.lobsters.at\/wp-content\/uploads\/2017\/01\/drink_barkeeper_1140x400.jpg","width":774,"height":271},{"@type":"BreadcrumbList","@id":"https:\/\/www.lobsters.at\/it\/pimp-your-drinks\/#breadcrumb","itemListElement":[{"@type":"ListItem","position":1,"name":"Startseite","item":"https:\/\/www.lobsters.at\/"},{"@type":"ListItem","position":2,"name":"Pimp your drinks!"}]},{"@type":"WebSite","@id":"https:\/\/www.lobsters.at\/#website","url":"https:\/\/www.lobsters.at\/","name":"LOBSTERS","description":"THE NEW GENERATION OF TASTE","potentialAction":[{"@type":"SearchAction","target":{"@type":"EntryPoint","urlTemplate":"https:\/\/www.lobsters.at\/?s={search_term_string}"},"query-input":{"@type":"PropertyValueSpecification","valueRequired":true,"valueName":"search_term_string"}}],"inLanguage":"it-IT"}]}},"_links":{"self":[{"href":"https:\/\/www.lobsters.at\/it\/wp-json\/wp\/v2\/pages\/3549","targetHints":{"allow":["GET"]}}],"collection":[{"href":"https:\/\/www.lobsters.at\/it\/wp-json\/wp\/v2\/pages"}],"about":[{"href":"https:\/\/www.lobsters.at\/it\/wp-json\/wp\/v2\/types\/page"}],"author":[{"embeddable":true,"href":"https:\/\/www.lobsters.at\/it\/wp-json\/wp\/v2\/users\/4"}],"replies":[{"embeddable":true,"href":"https:\/\/www.lobsters.at\/it\/wp-json\/wp\/v2\/comments?post=3549"}],"version-history":[{"count":6,"href":"https:\/\/www.lobsters.at\/it\/wp-json\/wp\/v2\/pages\/3549\/revisions"}],"predecessor-version":[{"id":4371,"href":"https:\/\/www.lobsters.at\/it\/wp-json\/wp\/v2\/pages\/3549\/revisions\/4371"}],"wp:featuredmedia":[{"embeddable":true,"href":"https:\/\/www.lobsters.at\/it\/wp-json\/wp\/v2\/media\/3556"}],"wp:attachment":[{"href":"https:\/\/www.lobsters.at\/it\/wp-json\/wp\/v2\/media?parent=3549"}],"curies":[{"name":"wp","href":"https:\/\/api.w.org\/{rel}","templated":true}]}}